{"id":1071,"date":"2023-07-18T14:34:45","date_gmt":"2023-07-18T12:34:45","guid":{"rendered":"http:\/\/consultall.stm\/?page_id=2"},"modified":"2023-09-30T10:11:09","modified_gmt":"2023-09-30T08:11:09","slug":"sample-page-2","status":"publish","type":"page","link":"https:\/\/batterylight.es\/en\/","title":{"rendered":"Index"},"content":{"rendered":"<div data-elementor-type=\"wp-page\" data-elementor-id=\"1071\" class=\"elementor elementor-1071\">\n\t\t\t\t\t\t<section class=\"elementor-section elementor-top-section elementor-element elementor-element-077651e elementor-section-full_width elementor-section-height-default elementor-section-height-default\" data-id=\"077651e\" data-element_type=\"section\" data-e-type=\"section\">\n\t\t\t\t\t\t<div class=\"elementor-container elementor-column-gap-default\">\n\t\t\t\t\t<div class=\"elementor-column elementor-col-100 elementor-top-column elementor-element elementor-element-cdecff4\" data-id=\"cdecff4\" data-element_type=\"column\" data-e-type=\"column\">\n\t\t\t<div class=\"elementor-widget-wrap elementor-element-populated\">\n\t\t\t\t\t\t\t<\/div>\n\t\t<\/div>\n\t\t\t\t\t<\/div>\n\t\t<\/section>\n\t\t\t\t<section class=\"elementor-section elementor-top-section elementor-element elementor-element-c1985ec overlay_2 fixed_bg elementor-section-boxed elementor-section-height-default elementor-section-height-default\" data-id=\"c1985ec\" data-element_type=\"section\" data-e-type=\"section\" data-settings=\"{&quot;background_background&quot;:&quot;classic&quot;}\">\n\t\t\t\t\t\t<div class=\"elementor-container elementor-column-gap-default\">\n\t\t\t\t\t<div class=\"elementor-column elementor-col-100 elementor-top-column elementor-element elementor-element-c198d9a\" data-id=\"c198d9a\" data-element_type=\"column\" data-e-type=\"column\">\n\t\t\t<div class=\"elementor-widget-wrap elementor-element-populated\">\n\t\t\t\t\t\t<div class=\"elementor-element elementor-element-c199339 elementor-widget elementor-widget-stm_spacing\" data-id=\"c199339\" data-element_type=\"widget\" data-e-type=\"widget\" data-widget_type=\"stm_spacing.default\">\n\t\t\t\t<div class=\"elementor-widget-container\">\n\t\t\t\t\t<div class=\"stm-spacing\" id=\"stm-spacing-69dabbfa93b7b\"><\/div>\n<script>\n    (function($){\n        \"use strict\";\n        var spacingID = 'stm-spacing-69dabbfa93b7b',\n            lgSpacing = '35',\n            mdSpacing = '30',\n            smSpacing = '20',\n            xsSpacing = '10';\n\n        function stmSpacing() {\n            if ( window.matchMedia(\"(min-width: 1200px)\").matches && lgSpacing ) {\n                $( '#' + spacingID ).css ( \"height\", lgSpacing );\n            } else if ( window.matchMedia(\"(max-width: 1199px) and (min-width: 992px )\").matches && mdSpacing ) {\n                $( '#' + spacingID ).css ( \"height\", mdSpacing );\n            } else if ( window.matchMedia(\"(max-width: 991px) and (min-width: 768px )\").matches && smSpacing ) {\n                $( '#' + spacingID ).css ( \"height\", smSpacing );\n            } else if ( window.matchMedia(\"(max-width: 767px)\").matches && xsSpacing ) {\n                $( '#' + spacingID ).css ( \"height\", xsSpacing );\n            } else {\n                $( '#' + spacingID ).css ( \"height\", \"\" );\n            }\n        }\n\n        $(document).ready(function() {\n            stmSpacing();\n        });\n\n        $(window).resize(function() {\n            stmSpacing();\n        });\n\n    })(jQuery);\n<\/script>\t\t\t\t<\/div>\n\t\t\t\t<\/div>\n\t\t\t\t<section class=\"elementor-section elementor-top-section elementor-element elementor-element-c199391 elementor-section-boxed elementor-section-height-default elementor-section-height-default\" data-id=\"c199391\" data-element_type=\"section\" data-e-type=\"section\">\n\t\t\t\t\t\t<div class=\"elementor-container elementor-column-gap-default\">\n\t\t\t\t\t<div class=\"elementor-column elementor-col-25 elementor-top-column elementor-element elementor-element-c1996da\" data-id=\"c1996da\" data-element_type=\"column\" data-e-type=\"column\">\n\t\t\t<div class=\"elementor-widget-wrap elementor-element-populated\">\n\t\t\t\t\t\t<div class=\"elementor-element elementor-element-c1999c1 elementor-widget elementor-widget-stm_icon_box\" data-id=\"c1999c1\" data-element_type=\"widget\" data-e-type=\"widget\" data-widget_type=\"stm_icon_box.default\">\n\t\t\t\t<div class=\"elementor-widget-container\">\n\t\t\t\t\t\n\n    <div class=\"icon_box  elementor-consulting-icon-box style_2 alignment_left clearfix\">\n<div class=\"icon_box_inner\">\n            <div class=\"icon  font-color_secondary\" style=\"width:65px\">\n            <i style=\"font-size:56px; \"\n               class=\"stm-suitcase-2\"><\/i><\/div>\n                <h5 style=\"font-size:16px;line-height:20px;color:#ffffff\" class=\"translation-block\" >More than 400<br>\nclients<\/h5>\n    <\/div>\n    <\/div>\n\t\t\t\t<\/div>\n\t\t\t\t<\/div>\n\t\t\t\t\t<\/div>\n\t\t<\/div>\n\t\t\t\t<div class=\"elementor-column elementor-col-25 elementor-top-column elementor-element elementor-element-c199aa5\" data-id=\"c199aa5\" data-element_type=\"column\" data-e-type=\"column\">\n\t\t\t<div class=\"elementor-widget-wrap elementor-element-populated\">\n\t\t\t\t\t\t<div class=\"elementor-element elementor-element-c199dac elementor-widget elementor-widget-stm_icon_box\" data-id=\"c199dac\" data-element_type=\"widget\" data-e-type=\"widget\" data-widget_type=\"stm_icon_box.default\">\n\t\t\t\t<div class=\"elementor-widget-container\">\n\t\t\t\t\t\n\n    <div class=\"icon_box  elementor-consulting-icon-box style_2 alignment_left clearfix\">\n<div class=\"icon_box_inner\">\n            <div class=\"icon  font-color_secondary\" style=\"width:65px\">\n            <i style=\"font-size:56px; \"\n               class=\"stm-amsterdam-timer\"><\/i><\/div>\n                <h5 style=\"font-size:16px;line-height:20px;color:#ffffff\" class=\"translation-block\" >Delivery in<br>\n24\/48 hours<\/h5>\n    <\/div>\n    <\/div>\n\t\t\t\t<\/div>\n\t\t\t\t<\/div>\n\t\t\t\t\t<\/div>\n\t\t<\/div>\n\t\t\t\t<div class=\"elementor-column elementor-col-25 elementor-top-column elementor-element elementor-element-c199e6a\" data-id=\"c199e6a\" data-element_type=\"column\" data-e-type=\"column\">\n\t\t\t<div class=\"elementor-widget-wrap elementor-element-populated\">\n\t\t\t\t\t\t<div class=\"elementor-element elementor-element-c19a168 elementor-widget elementor-widget-stm_icon_box\" data-id=\"c19a168\" data-element_type=\"widget\" data-e-type=\"widget\" data-widget_type=\"stm_icon_box.default\">\n\t\t\t\t<div class=\"elementor-widget-container\">\n\t\t\t\t\t\n\n    <div class=\"icon_box  elementor-consulting-icon-box style_2 alignment_left clearfix\">\n<div class=\"icon_box_inner\">\n            <div class=\"icon  font-color_secondary\" style=\"width:65px\">\n            <i style=\"font-size:56px; \"\n               class=\"fab fa-product-hunt\"><\/i><\/div>\n                <h5 style=\"font-size:16px;line-height:20px;color:#ffffff\" class=\"translation-block\" >4 ranges of<br>\nproducts<\/h5>\n    <\/div>\n    <\/div>\n\t\t\t\t<\/div>\n\t\t\t\t<\/div>\n\t\t\t\t\t<\/div>\n\t\t<\/div>\n\t\t\t\t<div class=\"elementor-column elementor-col-25 elementor-top-column elementor-element elementor-element-c19a223\" data-id=\"c19a223\" data-element_type=\"column\" data-e-type=\"column\">\n\t\t\t<div class=\"elementor-widget-wrap elementor-element-populated\">\n\t\t\t\t\t\t<div class=\"elementor-element elementor-element-c19a501 elementor-widget elementor-widget-stm_icon_box\" data-id=\"c19a501\" data-element_type=\"widget\" data-e-type=\"widget\" data-widget_type=\"stm_icon_box.default\">\n\t\t\t\t<div class=\"elementor-widget-container\">\n\t\t\t\t\t\n\n    <div class=\"icon_box  elementor-consulting-icon-box style_2 alignment_left clearfix\">\n<div class=\"icon_box_inner\">\n            <div class=\"icon  font-color_secondary\" style=\"width:65px\">\n            <i style=\"font-size:56px; \"\n               class=\"far fa-calendar-times\"><\/i><\/div>\n                <h5 style=\"font-size:16px;line-height:20px;color:#ffffff\" class=\"translation-block\" >More than 15 years of experience<\/h5>\n    <\/div>\n    <\/div>\n\t\t\t\t<\/div>\n\t\t\t\t<\/div>\n\t\t\t\t\t<\/div>\n\t\t<\/div>\n\t\t\t\t\t<\/div>\n\t\t<\/section>\n\t\t\t\t\t<\/div>\n\t\t<\/div>\n\t\t\t\t\t<\/div>\n\t\t<\/section>\n\t\t\t\t<section class=\"elementor-section elementor-top-section elementor-element elementor-element-c19a5bf elementor-section-boxed elementor-section-height-default elementor-section-height-default\" data-id=\"c19a5bf\" data-element_type=\"section\" data-e-type=\"section\" data-settings=\"{&quot;background_background&quot;:&quot;classic&quot;}\">\n\t\t\t\t\t\t<div class=\"elementor-container elementor-column-gap-default\">\n\t\t\t\t\t<div class=\"elementor-column elementor-col-100 elementor-top-column elementor-element elementor-element-c19a9d8\" data-id=\"c19a9d8\" data-element_type=\"column\" data-e-type=\"column\">\n\t\t\t<div class=\"elementor-widget-wrap elementor-element-populated\">\n\t\t\t\t\t\t<div class=\"elementor-element elementor-element-c19ad7a elementor-widget elementor-widget-vc_custom_heading\" data-id=\"c19ad7a\" data-element_type=\"widget\" data-e-type=\"widget\" data-widget_type=\"vc_custom_heading.default\">\n\t\t\t\t<div class=\"elementor-widget-container\">\n\t\t\t\t\t<div class=\"vc_custom_heading  consulting_heading_font  text_align_center title_no_stripe\" ><h6 style=\"font-size: 36px;text-align: center;line-height: 36px;font-weight:700\" class=\"consulting-custom-title\">Why us?\n<\/h6><\/div>\t\t\t\t<\/div>\n\t\t\t\t<\/div>\n\t\t\t\t<section class=\"elementor-section elementor-inner-section elementor-element elementor-element-e0862fc elementor-section-boxed elementor-section-height-default elementor-section-height-default\" data-id=\"e0862fc\" data-element_type=\"section\" data-e-type=\"section\">\n\t\t\t\t\t\t<div class=\"elementor-container elementor-column-gap-default\">\n\t\t\t\t\t<div class=\"elementor-column elementor-col-33 elementor-inner-column elementor-element elementor-element-0023046\" data-id=\"0023046\" data-element_type=\"column\" data-e-type=\"column\">\n\t\t\t<div class=\"elementor-widget-wrap elementor-element-populated\">\n\t\t\t\t\t\t<div class=\"elementor-element elementor-element-85412ef elementor-widget__width-initial elementor-widget elementor-widget-stm_icon_box\" data-id=\"85412ef\" data-element_type=\"widget\" data-e-type=\"widget\" data-widget_type=\"stm_icon_box.default\">\n\t\t\t\t<div class=\"elementor-widget-container\">\n\t\t\t\t\t\n\n    <div class=\"icon_box  elementor-consulting-icon-box style_4 alignment_left clearfix\">\n<div class=\"icon_box_inner\">\n            <div class=\"icon  font-color_secondary\"><i\n                    style=\"font-size:23px;   \"\n                    class=\"fas fa-tools\"><\/i><\/div>\n                <h4  class=\"font-color_base\">Technical advice\n<\/h4>\n                <div class=\"icon_text\">\n            <p><span style=\"color: #888888;\">We are specialists in LED lighting and we like to share our knowledge with our customers and learn from them.<\/span><\/p>\n        <\/div>\n    <\/div>\n    <\/div>\n\t\t\t\t<\/div>\n\t\t\t\t<\/div>\n\t\t\t\t\t<\/div>\n\t\t<\/div>\n\t\t\t\t<div class=\"elementor-column elementor-col-33 elementor-inner-column elementor-element elementor-element-08dd2ce\" data-id=\"08dd2ce\" data-element_type=\"column\" data-e-type=\"column\">\n\t\t\t<div class=\"elementor-widget-wrap elementor-element-populated\">\n\t\t\t\t\t\t<div class=\"elementor-element elementor-element-70aad50 elementor-widget elementor-widget-stm_icon_box\" data-id=\"70aad50\" data-element_type=\"widget\" data-e-type=\"widget\" data-widget_type=\"stm_icon_box.default\">\n\t\t\t\t<div class=\"elementor-widget-container\">\n\t\t\t\t\t\n\n    <div class=\"icon_box  elementor-consulting-icon-box style_4 alignment_left clearfix\">\n<div class=\"icon_box_inner\">\n            <div class=\"icon  font-color_secondary\"><i\n                    style=\"font-size:23px;   \"\n                    class=\"fas fa-people-arrows\"><\/i><\/div>\n                <h4  class=\"font-color_base\">Personalized attention\n<\/h4>\n                <div class=\"icon_text\">\n            <p><span style=\"color: #888888;\">Behind every client there is a story. Behind each client there is a different need.<\/span><\/p>\n        <\/div>\n    <\/div>\n    <\/div>\n\t\t\t\t<\/div>\n\t\t\t\t<\/div>\n\t\t\t\t\t<\/div>\n\t\t<\/div>\n\t\t\t\t<div class=\"elementor-column elementor-col-33 elementor-inner-column elementor-element elementor-element-ee4e16a\" data-id=\"ee4e16a\" data-element_type=\"column\" data-e-type=\"column\">\n\t\t\t<div class=\"elementor-widget-wrap elementor-element-populated\">\n\t\t\t\t\t\t<div class=\"elementor-element elementor-element-556730e elementor-widget__width-initial elementor-widget elementor-widget-stm_icon_box\" data-id=\"556730e\" data-element_type=\"widget\" data-e-type=\"widget\" data-widget_type=\"stm_icon_box.default\">\n\t\t\t\t<div class=\"elementor-widget-container\">\n\t\t\t\t\t\n\n    <div class=\"icon_box  elementor-consulting-icon-box style_4 alignment_left clearfix\">\n<div class=\"icon_box_inner\">\n            <div class=\"icon  font-color_secondary\"><i\n                    style=\"font-size:23px;   \"\n                    class=\"stm-shopping-cart8\"><\/i><\/div>\n                <h4  class=\"font-color_base\">Specialized catalogue\n<\/h4>\n                <div class=\"icon_text\">\n            <p><span style=\"color: #888888;\">We clasify our products into different ranges according to the use they are manufactured for in order to ease the selection of the best product for our client's needs<\/span><\/p>\n        <\/div>\n    <\/div>\n    <\/div>\n\t\t\t\t<\/div>\n\t\t\t\t<\/div>\n\t\t\t\t\t<\/div>\n\t\t<\/div>\n\t\t\t\t\t<\/div>\n\t\t<\/section>\n\t\t\t\t\t<\/div>\n\t\t<\/div>\n\t\t\t\t\t<\/div>\n\t\t<\/section>\n\t\t\t\t<section class=\"elementor-section elementor-top-section elementor-element elementor-element-549585d elementor-section-boxed elementor-section-height-default elementor-section-height-default\" data-id=\"549585d\" data-element_type=\"section\" data-e-type=\"section\">\n\t\t\t\t\t\t<div class=\"elementor-container elementor-column-gap-default\">\n\t\t\t\t\t<div class=\"elementor-column elementor-col-100 elementor-top-column elementor-element elementor-element-0d5d2a1\" data-id=\"0d5d2a1\" data-element_type=\"column\" data-e-type=\"column\">\n\t\t\t<div class=\"elementor-widget-wrap elementor-element-populated\">\n\t\t\t\t\t\t<div class=\"elementor-element elementor-element-90856ba elementor-widget elementor-widget-spacer\" data-id=\"90856ba\" data-element_type=\"widget\" data-e-type=\"widget\" data-widget_type=\"spacer.default\">\n\t\t\t\t<div class=\"elementor-widget-container\">\n\t\t\t\t\t\t\t<div class=\"elementor-spacer\">\n\t\t\t<div class=\"elementor-spacer-inner\"><\/div>\n\t\t<\/div>\n\t\t\t\t\t\t<\/div>\n\t\t\t\t<\/div>\n\t\t\t\t\t<\/div>\n\t\t<\/div>\n\t\t\t\t\t<\/div>\n\t\t<\/section>\n\t\t\t\t<section class=\"elementor-section elementor-top-section elementor-element elementor-element-4d4e89a elementor-section-boxed elementor-section-height-default elementor-section-height-default\" data-id=\"4d4e89a\" data-element_type=\"section\" data-e-type=\"section\">\n\t\t\t\t\t\t<div class=\"elementor-container elementor-column-gap-default\">\n\t\t\t\t\t<div class=\"elementor-column elementor-col-100 elementor-top-column elementor-element elementor-element-bc7cb35\" data-id=\"bc7cb35\" data-element_type=\"column\" data-e-type=\"column\">\n\t\t\t<div class=\"elementor-widget-wrap elementor-element-populated\">\n\t\t\t\t\t\t<div class=\"elementor-element elementor-element-e10aafc elementor-widget elementor-widget-html\" data-id=\"e10aafc\" data-element_type=\"widget\" data-e-type=\"widget\" data-widget_type=\"html.default\">\n\t\t\t\t<div class=\"elementor-widget-container\">\n\t\t\t\t\t<style>\n@media(min-width:1080px){\n    #masthead section{\n        background-color: #0000 !important;\n        position: absolute;\n        width: 100%;\n    }\n}\n<\/style>\t\t\t\t<\/div>\n\t\t\t\t<\/div>\n\t\t\t\t<div class=\"elementor-element elementor-element-90ea1f4 elementor-arrows-position-inside elementor-pagination-position-outside elementor-widget elementor-widget-image-carousel\" data-id=\"90ea1f4\" data-element_type=\"widget\" data-e-type=\"widget\" data-settings=\"{&quot;slides_to_show&quot;:&quot;1&quot;,&quot;navigation&quot;:&quot;both&quot;,&quot;autoplay&quot;:&quot;yes&quot;,&quot;pause_on_hover&quot;:&quot;yes&quot;,&quot;pause_on_interaction&quot;:&quot;yes&quot;,&quot;autoplay_speed&quot;:5000,&quot;infinite&quot;:&quot;yes&quot;,&quot;effect&quot;:&quot;slide&quot;,&quot;speed&quot;:500}\" data-widget_type=\"image-carousel.default\">\n\t\t\t\t<div class=\"elementor-widget-container\">\n\t\t\t\t\t\t\t<div class=\"elementor-image-carousel-wrapper swiper\" role=\"region\" aria-roledescription=\"carousel\" aria-label=\"Carrusel de im\u00e1genes\" dir=\"ltr\">\n\t\t\t<div class=\"elementor-image-carousel swiper-wrapper\" aria-live=\"off\">\n\t\t\t\t\t\t\t\t<div class=\"swiper-slide\" role=\"group\" aria-roledescription=\"slide\" aria-label=\"1 de 1\"><a data-elementor-open-lightbox=\"yes\" data-elementor-lightbox-slideshow=\"90ea1f4\" data-elementor-lightbox-title=\"Closeup image of hands holding a glowing light bulb\" data-e-action-hash=\"#elementor-action%3Aaction%3Dlightbox%26settings%3DeyJpZCI6NzE5NywidXJsIjoiaHR0cHM6XC9cL2JhdHRlcnlsaWdodC5lc1wvd3AtY29udGVudFwvdXBsb2Fkc1wvMjAyM1wvMDdcL2xpZ2h0LWJ1bGJzLTIwMjEtMDgtMjYtMTUtMjctNDYtdXRjYy1zY2FsZWQuanBnIiwic2xpZGVzaG93IjoiOTBlYTFmNCJ9\" href=\"https:\/\/batterylight.es\/en\/nuestros_servicios\/\"><figure class=\"swiper-slide-inner\"><img decoding=\"async\" class=\"swiper-slide-image\" src=\"https:\/\/batterylight.es\/wp-content\/uploads\/2023\/07\/light-bulbs-2021-08-26-15-27-46-utcc-1536x1024.jpg\" alt=\"Nuestros Servicios\" \/><figcaption class=\"elementor-image-carousel-caption\">Our services<\/figcaption><\/figure><\/a><\/div>\t\t\t<\/div>\n\t\t\t\t\t<\/div>\n\t\t\t\t\t\t<\/div>\n\t\t\t\t<\/div>\n\t\t\t\t\t<\/div>\n\t\t<\/div>\n\t\t\t\t\t<\/div>\n\t\t<\/section>\n\t\t\t\t<section class=\"elementor-section elementor-top-section elementor-element elementor-element-eeb7eea elementor-section-boxed elementor-section-height-default elementor-section-height-default\" data-id=\"eeb7eea\" data-element_type=\"section\" data-e-type=\"section\">\n\t\t\t\t\t\t<div class=\"elementor-container elementor-column-gap-default\">\n\t\t\t\t\t<div class=\"elementor-column elementor-col-100 elementor-top-column elementor-element elementor-element-affa0ba\" data-id=\"affa0ba\" data-element_type=\"column\" data-e-type=\"column\">\n\t\t\t<div class=\"elementor-widget-wrap elementor-element-populated\">\n\t\t\t\t\t\t\t<\/div>\n\t\t<\/div>\n\t\t\t\t\t<\/div>\n\t\t<\/section>\n\t\t\t\t<\/div>","protected":false},"excerpt":{"rendered":"<p>Mas de 400 clientes Entrega en 24\/48 horas 4 gamas de productos Mas de 15 a\u00f1os de experiencia \u00bfPor qu\u00e9 nosotros? Asesoramiento t\u00e9cnico Somos especialistas en iluminaci\u00f3n LED y nos gusta compartir nuestros conocimientos con nuestros clientes y aprender de ellos. Atenci\u00f3n personalizada Detr\u00e1s de cada cliente hay una historia. Detr\u00e1s de cada cliente hay<\/p>","protected":false},"author":1,"featured_media":0,"parent":0,"menu_order":0,"comment_status":"closed","ping_status":"closed","template":"","meta":{"footnotes":""},"class_list":["post-1071","page","type-page","status-publish","hentry"],"yoast_head":"<!-- This site is optimized with the Yoast SEO plugin v27.3 - https:\/\/yoast.com\/product\/yoast-seo-wordpress\/ -->\n<title>Inicio - Batterylight<\/title>\n<meta name=\"robots\" content=\"index, follow, max-snippet:-1, max-image-preview:large, max-video-preview:-1\" \/>\n<link rel=\"canonical\" href=\"https:\/\/batterylight.es\/en\/\" \/>\n<meta property=\"og:locale\" content=\"en_US\" \/>\n<meta property=\"og:type\" content=\"article\" \/>\n<meta property=\"og:title\" content=\"Inicio - Batterylight\" \/>\n<meta property=\"og:description\" content=\"Mas de 400 clientes Entrega en 24\/48 horas 4 gamas de productos Mas de 15 a\u00f1os de experiencia \u00bfPor qu\u00e9 nosotros? Asesoramiento t\u00e9cnico Somos especialistas en iluminaci\u00f3n LED y nos gusta compartir nuestros conocimientos con nuestros clientes y aprender de ellos. Atenci\u00f3n personalizada Detr\u00e1s de cada cliente hay una historia. Detr\u00e1s de cada cliente hay\" \/>\n<meta property=\"og:url\" content=\"https:\/\/batterylight.es\/en\/\" \/>\n<meta property=\"og:site_name\" content=\"Batterylight\" \/>\n<meta property=\"article:modified_time\" content=\"2023-09-30T08:11:09+00:00\" \/>\n<meta property=\"og:image\" content=\"https:\/\/batterylight.es\/wp-content\/uploads\/2023\/07\/light-bulbs-2021-08-26-15-27-46-utcc-1536x1024.jpg\" \/>\n<meta name=\"twitter:card\" content=\"summary_large_image\" \/>\n<meta name=\"twitter:label1\" content=\"Est. reading time\" \/>\n\t<meta name=\"twitter:data1\" content=\"1 minute\" \/>\n<script type=\"application\/ld+json\" class=\"yoast-schema-graph\">{\"@context\":\"https:\\\/\\\/schema.org\",\"@graph\":[{\"@type\":\"WebPage\",\"@id\":\"https:\\\/\\\/batterylight.es\\\/\",\"url\":\"https:\\\/\\\/batterylight.es\\\/\",\"name\":\"Inicio - Batterylight\",\"isPartOf\":{\"@id\":\"https:\\\/\\\/batterylight.es\\\/#website\"},\"primaryImageOfPage\":{\"@id\":\"https:\\\/\\\/batterylight.es\\\/#primaryimage\"},\"image\":{\"@id\":\"https:\\\/\\\/batterylight.es\\\/#primaryimage\"},\"thumbnailUrl\":\"https:\\\/\\\/batterylight.es\\\/wp-content\\\/uploads\\\/2023\\\/07\\\/light-bulbs-2021-08-26-15-27-46-utcc-1536x1024.jpg\",\"datePublished\":\"2023-07-18T12:34:45+00:00\",\"dateModified\":\"2023-09-30T08:11:09+00:00\",\"breadcrumb\":{\"@id\":\"https:\\\/\\\/batterylight.es\\\/#breadcrumb\"},\"inLanguage\":\"en-US\",\"potentialAction\":[{\"@type\":\"ReadAction\",\"target\":[\"https:\\\/\\\/batterylight.es\\\/\"]}]},{\"@type\":\"ImageObject\",\"inLanguage\":\"en-US\",\"@id\":\"https:\\\/\\\/batterylight.es\\\/#primaryimage\",\"url\":\"https:\\\/\\\/batterylight.es\\\/wp-content\\\/uploads\\\/2023\\\/07\\\/light-bulbs-2021-08-26-15-27-46-utcc-1536x1024.jpg\",\"contentUrl\":\"https:\\\/\\\/batterylight.es\\\/wp-content\\\/uploads\\\/2023\\\/07\\\/light-bulbs-2021-08-26-15-27-46-utcc-1536x1024.jpg\"},{\"@type\":\"BreadcrumbList\",\"@id\":\"https:\\\/\\\/batterylight.es\\\/#breadcrumb\",\"itemListElement\":[{\"@type\":\"ListItem\",\"position\":1,\"name\":\"Portada\",\"item\":\"https:\\\/\\\/batterylight.es\\\/\"},{\"@type\":\"ListItem\",\"position\":2,\"name\":\"Inicio\"}]},{\"@type\":\"WebSite\",\"@id\":\"https:\\\/\\\/batterylight.es\\\/#website\",\"url\":\"https:\\\/\\\/batterylight.es\\\/\",\"name\":\"Batterylight\",\"description\":\"\",\"potentialAction\":[{\"@type\":\"SearchAction\",\"target\":{\"@type\":\"EntryPoint\",\"urlTemplate\":\"https:\\\/\\\/batterylight.es\\\/?s={search_term_string}\"},\"query-input\":{\"@type\":\"PropertyValueSpecification\",\"valueRequired\":true,\"valueName\":\"search_term_string\"}}],\"inLanguage\":\"en-US\"}]}<\/script>\n<!-- \/ Yoast SEO plugin. -->","yoast_head_json":{"title":"Inicio - Batterylight","robots":{"index":"index","follow":"follow","max-snippet":"max-snippet:-1","max-image-preview":"max-image-preview:large","max-video-preview":"max-video-preview:-1"},"canonical":"https:\/\/batterylight.es\/en\/","og_locale":"en_US","og_type":"article","og_title":"Inicio - Batterylight","og_description":"Mas de 400 clientes Entrega en 24\/48 horas 4 gamas de productos Mas de 15 a\u00f1os de experiencia \u00bfPor qu\u00e9 nosotros? Asesoramiento t\u00e9cnico Somos especialistas en iluminaci\u00f3n LED y nos gusta compartir nuestros conocimientos con nuestros clientes y aprender de ellos. Atenci\u00f3n personalizada Detr\u00e1s de cada cliente hay una historia. Detr\u00e1s de cada cliente hay","og_url":"https:\/\/batterylight.es\/en\/","og_site_name":"Batterylight","article_modified_time":"2023-09-30T08:11:09+00:00","og_image":[{"url":"https:\/\/batterylight.es\/wp-content\/uploads\/2023\/07\/light-bulbs-2021-08-26-15-27-46-utcc-1536x1024.jpg","type":"","width":"","height":""}],"twitter_card":"summary_large_image","twitter_misc":{"Est. reading time":"1 minute"},"schema":{"@context":"https:\/\/schema.org","@graph":[{"@type":"WebPage","@id":"https:\/\/batterylight.es\/","url":"https:\/\/batterylight.es\/","name":"Inicio - Batterylight","isPartOf":{"@id":"https:\/\/batterylight.es\/#website"},"primaryImageOfPage":{"@id":"https:\/\/batterylight.es\/#primaryimage"},"image":{"@id":"https:\/\/batterylight.es\/#primaryimage"},"thumbnailUrl":"https:\/\/batterylight.es\/wp-content\/uploads\/2023\/07\/light-bulbs-2021-08-26-15-27-46-utcc-1536x1024.jpg","datePublished":"2023-07-18T12:34:45+00:00","dateModified":"2023-09-30T08:11:09+00:00","breadcrumb":{"@id":"https:\/\/batterylight.es\/#breadcrumb"},"inLanguage":"en-US","potentialAction":[{"@type":"ReadAction","target":["https:\/\/batterylight.es\/"]}]},{"@type":"ImageObject","inLanguage":"en-US","@id":"https:\/\/batterylight.es\/#primaryimage","url":"https:\/\/batterylight.es\/wp-content\/uploads\/2023\/07\/light-bulbs-2021-08-26-15-27-46-utcc-1536x1024.jpg","contentUrl":"https:\/\/batterylight.es\/wp-content\/uploads\/2023\/07\/light-bulbs-2021-08-26-15-27-46-utcc-1536x1024.jpg"},{"@type":"BreadcrumbList","@id":"https:\/\/batterylight.es\/#breadcrumb","itemListElement":[{"@type":"ListItem","position":1,"name":"Portada","item":"https:\/\/batterylight.es\/"},{"@type":"ListItem","position":2,"name":"Inicio"}]},{"@type":"WebSite","@id":"https:\/\/batterylight.es\/#website","url":"https:\/\/batterylight.es\/","name":"Batterylight","description":"","potentialAction":[{"@type":"SearchAction","target":{"@type":"EntryPoint","urlTemplate":"https:\/\/batterylight.es\/?s={search_term_string}"},"query-input":{"@type":"PropertyValueSpecification","valueRequired":true,"valueName":"search_term_string"}}],"inLanguage":"en-US"}]}},"_links":{"self":[{"href":"https:\/\/batterylight.es\/en\/wp-json\/wp\/v2\/pages\/1071","targetHints":{"allow":["GET"]}}],"collection":[{"href":"https:\/\/batterylight.es\/en\/wp-json\/wp\/v2\/pages"}],"about":[{"href":"https:\/\/batterylight.es\/en\/wp-json\/wp\/v2\/types\/page"}],"author":[{"embeddable":true,"href":"https:\/\/batterylight.es\/en\/wp-json\/wp\/v2\/users\/1"}],"replies":[{"embeddable":true,"href":"https:\/\/batterylight.es\/en\/wp-json\/wp\/v2\/comments?post=1071"}],"version-history":[{"count":219,"href":"https:\/\/batterylight.es\/en\/wp-json\/wp\/v2\/pages\/1071\/revisions"}],"predecessor-version":[{"id":8872,"href":"https:\/\/batterylight.es\/en\/wp-json\/wp\/v2\/pages\/1071\/revisions\/8872"}],"wp:attachment":[{"href":"https:\/\/batterylight.es\/en\/wp-json\/wp\/v2\/media?parent=1071"}],"curies":[{"name":"wp","href":"https:\/\/api.w.org\/{rel}","templated":true}]}}