{"id":8007,"date":"2023-07-31T12:56:29","date_gmt":"2023-07-31T10:56:29","guid":{"rendered":"http:\/\/batterywordp.avanzada7.com\/azul-professional-copia\/"},"modified":"2023-09-30T10:39:23","modified_gmt":"2023-09-30T08:39:23","slug":"lithium_plus","status":"publish","type":"page","link":"https:\/\/batterylight.es\/en\/lithium_plus\/","title":{"rendered":"Lithium Plus"},"content":{"rendered":"<div data-elementor-type=\"wp-page\" data-elementor-id=\"8007\" class=\"elementor elementor-8007\">\n\t\t\t\t\t\t<section class=\"elementor-section elementor-top-section elementor-element elementor-element-e1f0445 elementor-section-boxed elementor-section-height-default elementor-section-height-default\" data-id=\"e1f0445\" data-element_type=\"section\" data-e-type=\"section\">\n\t\t\t\t\t\t<div class=\"elementor-container elementor-column-gap-default\">\n\t\t\t\t\t<div class=\"elementor-column elementor-col-100 elementor-top-column elementor-element elementor-element-d4ad3f1\" data-id=\"d4ad3f1\" data-element_type=\"column\" data-e-type=\"column\">\n\t\t\t<div class=\"elementor-widget-wrap\">\n\t\t\t\t\t\t\t<\/div>\n\t\t<\/div>\n\t\t\t\t\t<\/div>\n\t\t<\/section>\n\t\t\t\t<section class=\"elementor-section elementor-top-section elementor-element elementor-element-b3b0e4d elementor-section-boxed elementor-section-height-default elementor-section-height-default\" data-id=\"b3b0e4d\" data-element_type=\"section\" data-e-type=\"section\">\n\t\t\t\t\t\t<div class=\"elementor-container elementor-column-gap-default\">\n\t\t\t\t\t<div class=\"elementor-column elementor-col-100 elementor-top-column elementor-element elementor-element-c2d788f\" data-id=\"c2d788f\" data-element_type=\"column\" data-e-type=\"column\">\n\t\t\t<div class=\"elementor-widget-wrap elementor-element-populated\">\n\t\t\t\t\t\t<div class=\"elementor-element elementor-element-b5953fd elementor-hidden-tablet elementor-hidden-mobile elementor-widget elementor-widget-spacer\" data-id=\"b5953fd\" data-element_type=\"widget\" data-e-type=\"widget\" data-widget_type=\"spacer.default\">\n\t\t\t\t<div class=\"elementor-widget-container\">\n\t\t\t\t\t\t\t<div class=\"elementor-spacer\">\n\t\t\t<div class=\"elementor-spacer-inner\"><\/div>\n\t\t<\/div>\n\t\t\t\t\t\t<\/div>\n\t\t\t\t<\/div>\n\t\t\t\t\t<\/div>\n\t\t<\/div>\n\t\t\t\t\t<\/div>\n\t\t<\/section>\n\t\t\t\t<section class=\"elementor-section elementor-top-section elementor-element elementor-element-cc09558 elementor-section-boxed elementor-section-height-default elementor-section-height-default\" data-id=\"cc09558\" data-element_type=\"section\" data-e-type=\"section\">\n\t\t\t\t\t\t<div class=\"elementor-container elementor-column-gap-default\">\n\t\t\t\t\t<div class=\"elementor-column elementor-col-100 elementor-top-column elementor-element elementor-element-fb13b78\" data-id=\"fb13b78\" data-element_type=\"column\" data-e-type=\"column\">\n\t\t\t<div class=\"elementor-widget-wrap elementor-element-populated\">\n\t\t\t\t\t\t<div class=\"elementor-element elementor-element-50bddf8 elementor-hidden-desktop elementor-widget elementor-widget-html\" data-id=\"50bddf8\" data-element_type=\"widget\" data-e-type=\"widget\" data-widget_type=\"html.default\">\n\t\t\t\t<div class=\"elementor-widget-container\">\n\t\t\t\t\t<ul id=\"menu-header-p\" style=\"list-style:none;padding:0px;\">\n\t<li style=\"text-align:center;padding:3px;border:2px solid #000938;margin-bottom:5px;border-radius: 30px;\" id=\"menu-item-7345\" class=\"menu-item menu-item-type-post_type menu-item-object-page current-menu-item page_item page-item-7341 current_page_item menu-item-7345 stm_col_width_default stm_mega_cols_inside_default stm_mega_col_width_banner_default\"><a href=\"https:\/\/batterylight.es\/en\/ultra_alkaline\/\" aria-current=\"page\" style=\"color:#000938;\">Ultra Alkaline<\/a><\/li>\n\t<li style=\"text-align:center;padding:3px;border:2px solid #000938;margin-bottom:5px;border-radius: 30px;\" id=\"menu-item-7347\" class=\"menu-item menu-item-type-post_type menu-item-object-page menu-item-7347 stm_col_width_default stm_mega_cols_inside_default stm_mega_col_width_banner_default\"><a href=\"https:\/\/batterylight.es\/en\/eco_recargable\/\" style=\"color:#000938;\">Eco Rechargeable<\/a><\/li>\n<\/ul>\n<style>\n    #menu-header-p li:hover {\n        background-color:#000938; \n    }\n    #menu-header-p li:hover a{\n        color:white !important; \n    }\n<\/style>\t\t\t\t<\/div>\n\t\t\t\t<\/div>\n\t\t\t\t\t<\/div>\n\t\t<\/div>\n\t\t\t\t\t<\/div>\n\t\t<\/section>\n\t\t\t\t<section class=\"elementor-section elementor-top-section elementor-element elementor-element-bda451f elementor-section-boxed elementor-section-height-default elementor-section-height-default\" data-id=\"bda451f\" data-element_type=\"section\" data-e-type=\"section\" data-settings=\"{&quot;background_background&quot;:&quot;classic&quot;}\">\n\t\t\t\t\t\t<div class=\"elementor-container elementor-column-gap-default\">\n\t\t\t\t\t<div class=\"elementor-column elementor-col-100 elementor-top-column elementor-element elementor-element-bda49af\" data-id=\"bda49af\" data-element_type=\"column\" data-e-type=\"column\">\n\t\t\t<div class=\"elementor-widget-wrap elementor-element-populated\">\n\t\t\t\t\t\t<div class=\"elementor-element elementor-element-0b6250f elementor-widget elementor-widget-image\" data-id=\"0b6250f\" data-element_type=\"widget\" data-e-type=\"widget\" data-widget_type=\"image.default\">\n\t\t\t\t<div class=\"elementor-widget-container\">\n\t\t\t\t\t\t\t\t\t\t\t\t\t\t\t<img fetchpriority=\"high\" decoding=\"async\" width=\"962\" height=\"366\" src=\"https:\/\/batterylight.es\/wp-content\/uploads\/2023\/07\/LITHIUM-PLUS.png\" class=\"attachment-large size-large wp-image-7509\" alt=\"\" srcset=\"https:\/\/batterylight.es\/wp-content\/uploads\/2023\/07\/LITHIUM-PLUS.png 962w, https:\/\/batterylight.es\/wp-content\/uploads\/2023\/07\/LITHIUM-PLUS-300x114.png 300w, https:\/\/batterylight.es\/wp-content\/uploads\/2023\/07\/LITHIUM-PLUS-768x292.png 768w, https:\/\/batterylight.es\/wp-content\/uploads\/2023\/07\/LITHIUM-PLUS-900x342.png 900w, https:\/\/batterylight.es\/wp-content\/uploads\/2023\/07\/LITHIUM-PLUS-600x228.png 600w\" sizes=\"(max-width: 962px) 100vw, 962px\" \/>\t\t\t\t\t\t\t\t\t\t\t\t\t\t\t<\/div>\n\t\t\t\t<\/div>\n\t\t\t\t<div class=\"elementor-element elementor-element-bda4ff4 elementor-widget elementor-widget-text-editor\" data-id=\"bda4ff4\" data-element_type=\"widget\" data-e-type=\"widget\" data-widget_type=\"text-editor.default\">\n\t\t\t\t<div class=\"elementor-widget-container\">\n\t\t\t\t\t\t\t\t\t<h2><span style=\"color: #0000ff;\">Lithium Plus<\/span><\/h2>\n<p>Our range of Lithium batteries (Li-Ion \/ LiPo) with the latest generation reactive formulation and over-powered for extreme use.<\/p>\n<p>Made of aluminum and copper for maximum conductivity with minimum weight. They are 100% Mercury free.<\/p>\n<p>Ideal for installation in intensively used household appliances in the sports, professional, medical and military fields.<\/p>\n\t\t\t\t\t\t\t\t<\/div>\n\t\t\t\t<\/div>\n\t\t\t\t\t<\/div>\n\t\t<\/div>\n\t\t\t\t<div class=\"elementor-column elementor-col-25 elementor-top-column elementor-element elementor-element-bda658a elementor-hidden-tablet elementor-hidden-phone\" data-id=\"bda658a\" data-element_type=\"column\" data-e-type=\"column\">\n\t\t\t<div class=\"elementor-widget-wrap elementor-element-populated\">\n\t\t\t\t\t\t<div class=\"elementor-element elementor-element-e3a2b6a elementor-widget elementor-widget-html\" data-id=\"e3a2b6a\" data-element_type=\"widget\" data-e-type=\"widget\" data-widget_type=\"html.default\">\n\t\t\t\t<div class=\"elementor-widget-container\">\n\t\t\t\t\t<ul id=\"menu-header-p\" style=\"list-style:none;\">\n\t<li style=\"text-align:center;padding:3px;border:2px solid #000938;margin-bottom:5px;border-radius: 30px;\" id=\"menu-item-7345\" class=\"menu-item menu-item-type-post_type menu-item-object-page current-menu-item page_item page-item-7341 current_page_item menu-item-7345 stm_col_width_default stm_mega_cols_inside_default stm_mega_col_width_banner_default\"><a href=\"https:\/\/batterylight.es\/en\/ultra_alkaline\/\" aria-current=\"page\" style=\"color:#000938;\">Ultra Alkaline<\/a><\/li>\n\t<li style=\"text-align:center;padding:3px;border:2px solid #000938;margin-bottom:5px;border-radius: 30px;\" id=\"menu-item-7347\" class=\"menu-item menu-item-type-post_type menu-item-object-page menu-item-7347 stm_col_width_default stm_mega_cols_inside_default stm_mega_col_width_banner_default\"><a href=\"https:\/\/batterylight.es\/en\/eco_recargable\/\" style=\"color:#000938;\">Eco Rechargeable<\/a><\/li>\n\t\t<li style=\"text-align:center;padding:3px;border:2px solid #000938;margin-bottom:5px;border-radius: 30px;\" id=\"menu-item-7353\" class=\"menu-item menu-item-type-post_type menu-item-object-page menu-item-7353 stm_col_width_default stm_mega_cols_inside_default stm_mega_col_width_banner_default\"><a href=\"https:\/\/batterylight.es\/en\/lithium_plus\/\" style=\"color:#000938;\">Lithium Plus <\/a><\/li>\n<\/ul>\n<style>\n    #menu-header-p li:hover {\n        background-color:#000938; \n    }\n    #menu-header-p li:hover a{\n        color:white !important; \n    }\n<\/style>\t\t\t\t<\/div>\n\t\t\t\t<\/div>\n\t\t\t\t<div class=\"elementor-element elementor-element-e380f16 elementor-widget elementor-widget-image\" data-id=\"e380f16\" data-element_type=\"widget\" data-e-type=\"widget\" data-widget_type=\"image.default\">\n\t\t\t\t<div class=\"elementor-widget-container\">\n\t\t\t\t\t\t\t\t\t\t\t\t\t\t\t<img fetchpriority=\"high\" decoding=\"async\" width=\"962\" height=\"366\" src=\"https:\/\/batterylight.es\/wp-content\/uploads\/2023\/07\/LITHIUM-PLUS.png\" class=\"attachment-large size-large wp-image-7509\" alt=\"\" srcset=\"https:\/\/batterylight.es\/wp-content\/uploads\/2023\/07\/LITHIUM-PLUS.png 962w, https:\/\/batterylight.es\/wp-content\/uploads\/2023\/07\/LITHIUM-PLUS-300x114.png 300w, https:\/\/batterylight.es\/wp-content\/uploads\/2023\/07\/LITHIUM-PLUS-768x292.png 768w, https:\/\/batterylight.es\/wp-content\/uploads\/2023\/07\/LITHIUM-PLUS-900x342.png 900w, https:\/\/batterylight.es\/wp-content\/uploads\/2023\/07\/LITHIUM-PLUS-600x228.png 600w\" sizes=\"(max-width: 962px) 100vw, 962px\" \/>\t\t\t\t\t\t\t\t\t\t\t\t\t\t\t<\/div>\n\t\t\t\t<\/div>\n\t\t\t\t<div class=\"elementor-element elementor-element-bee379e elementor-widget elementor-widget-image\" data-id=\"bee379e\" data-element_type=\"widget\" data-e-type=\"widget\" data-widget_type=\"image.default\">\n\t\t\t\t<div class=\"elementor-widget-container\">\n\t\t\t\t\t\t\t\t\t\t\t\t\t\t\t<img decoding=\"async\" src=\"http:\/\/192.168.6.8\/wordpress\/wp-content\/uploads\/2023\/07\/LOGO-Batterylight_Familia-Professional-1.png\" title=\"\" alt=\"\" loading=\"lazy\" \/>\t\t\t\t\t\t\t\t\t\t\t\t\t\t\t<\/div>\n\t\t\t\t<\/div>\n\t\t\t\t\t<\/div>\n\t\t<\/div>\n\t\t\t\t\t<\/div>\n\t\t<\/section>\n\t\t\t\t<\/div>","protected":false},"excerpt":{"rendered":"<p>Ultra Alkaline Eco Recargable Lithium Plus Nuestra gama de bater\u00edas de Litio (Li-Ion \/ LiPo) con f\u00f3rmulaci\u00f3n reactiva de \u00faltima generaci\u00f3n y sobre potenciadas para un uso extremo. Construidas en aluminio y cobre para una m\u00e1xima conductividad con el m\u00ednimo peso. Son 100% libres de Mercurio. Ideales para instalaci\u00f3n en aparatos electrodom\u00e9sticos de uso intensivo<\/p>","protected":false},"author":1,"featured_media":0,"parent":0,"menu_order":0,"comment_status":"closed","ping_status":"closed","template":"","meta":{"footnotes":""},"class_list":["post-8007","page","type-page","status-publish","hentry"],"yoast_head":"<!-- This site is optimized with the Yoast SEO plugin v27.4 - https:\/\/yoast.com\/product\/yoast-seo-wordpress\/ -->\n<title>Lithium Plus - Batterylight<\/title>\n<meta name=\"robots\" content=\"index, follow, max-snippet:-1, max-image-preview:large, max-video-preview:-1\" \/>\n<link rel=\"canonical\" href=\"https:\/\/batterylight.es\/en\/lithium_plus\/\" \/>\n<meta property=\"og:locale\" content=\"en_US\" \/>\n<meta property=\"og:type\" content=\"article\" \/>\n<meta property=\"og:title\" content=\"Lithium Plus - Batterylight\" \/>\n<meta property=\"og:description\" content=\"Ultra Alkaline Eco Recargable Lithium Plus Nuestra gama de bater\u00edas de Litio (Li-Ion \/ LiPo) con f\u00f3rmulaci\u00f3n reactiva de \u00faltima generaci\u00f3n y sobre potenciadas para un uso extremo. Construidas en aluminio y cobre para una m\u00e1xima conductividad con el m\u00ednimo peso. Son 100% libres de Mercurio. Ideales para instalaci\u00f3n en aparatos electrodom\u00e9sticos de uso intensivo\" \/>\n<meta property=\"og:url\" content=\"https:\/\/batterylight.es\/en\/lithium_plus\/\" \/>\n<meta property=\"og:site_name\" content=\"Batterylight\" \/>\n<meta property=\"article:modified_time\" content=\"2023-09-30T08:39:23+00:00\" \/>\n<meta property=\"og:image\" content=\"https:\/\/batterylight.es\/wp-content\/uploads\/2023\/07\/LITHIUM-PLUS.png\" \/>\n<meta name=\"twitter:card\" content=\"summary_large_image\" \/>\n<meta name=\"twitter:label1\" content=\"Est. reading time\" \/>\n\t<meta name=\"twitter:data1\" content=\"1 minute\" \/>\n<script type=\"application\/ld+json\" class=\"yoast-schema-graph\">{\"@context\":\"https:\\\/\\\/schema.org\",\"@graph\":[{\"@type\":\"WebPage\",\"@id\":\"https:\\\/\\\/batterylight.es\\\/lithium_plus\\\/\",\"url\":\"https:\\\/\\\/batterylight.es\\\/lithium_plus\\\/\",\"name\":\"Lithium Plus - Batterylight\",\"isPartOf\":{\"@id\":\"https:\\\/\\\/batterylight.es\\\/#website\"},\"primaryImageOfPage\":{\"@id\":\"https:\\\/\\\/batterylight.es\\\/lithium_plus\\\/#primaryimage\"},\"image\":{\"@id\":\"https:\\\/\\\/batterylight.es\\\/lithium_plus\\\/#primaryimage\"},\"thumbnailUrl\":\"https:\\\/\\\/batterylight.es\\\/wp-content\\\/uploads\\\/2023\\\/07\\\/LITHIUM-PLUS.png\",\"datePublished\":\"2023-07-31T10:56:29+00:00\",\"dateModified\":\"2023-09-30T08:39:23+00:00\",\"breadcrumb\":{\"@id\":\"https:\\\/\\\/batterylight.es\\\/lithium_plus\\\/#breadcrumb\"},\"inLanguage\":\"en-US\",\"potentialAction\":[{\"@type\":\"ReadAction\",\"target\":[\"https:\\\/\\\/batterylight.es\\\/lithium_plus\\\/\"]}]},{\"@type\":\"ImageObject\",\"inLanguage\":\"en-US\",\"@id\":\"https:\\\/\\\/batterylight.es\\\/lithium_plus\\\/#primaryimage\",\"url\":\"https:\\\/\\\/batterylight.es\\\/wp-content\\\/uploads\\\/2023\\\/07\\\/LITHIUM-PLUS.png\",\"contentUrl\":\"https:\\\/\\\/batterylight.es\\\/wp-content\\\/uploads\\\/2023\\\/07\\\/LITHIUM-PLUS.png\"},{\"@type\":\"BreadcrumbList\",\"@id\":\"https:\\\/\\\/batterylight.es\\\/lithium_plus\\\/#breadcrumb\",\"itemListElement\":[{\"@type\":\"ListItem\",\"position\":1,\"name\":\"Portada\",\"item\":\"https:\\\/\\\/batterylight.es\\\/\"},{\"@type\":\"ListItem\",\"position\":2,\"name\":\"Lithium Plus\"}]},{\"@type\":\"WebSite\",\"@id\":\"https:\\\/\\\/batterylight.es\\\/#website\",\"url\":\"https:\\\/\\\/batterylight.es\\\/\",\"name\":\"Batterylight\",\"description\":\"\",\"potentialAction\":[{\"@type\":\"SearchAction\",\"target\":{\"@type\":\"EntryPoint\",\"urlTemplate\":\"https:\\\/\\\/batterylight.es\\\/?s={search_term_string}\"},\"query-input\":{\"@type\":\"PropertyValueSpecification\",\"valueRequired\":true,\"valueName\":\"search_term_string\"}}],\"inLanguage\":\"en-US\"}]}<\/script>\n<!-- \/ Yoast SEO plugin. -->","yoast_head_json":{"title":"Lithium Plus - Batterylight","robots":{"index":"index","follow":"follow","max-snippet":"max-snippet:-1","max-image-preview":"max-image-preview:large","max-video-preview":"max-video-preview:-1"},"canonical":"https:\/\/batterylight.es\/en\/lithium_plus\/","og_locale":"en_US","og_type":"article","og_title":"Lithium Plus - Batterylight","og_description":"Ultra Alkaline Eco Recargable Lithium Plus Nuestra gama de bater\u00edas de Litio (Li-Ion \/ LiPo) con f\u00f3rmulaci\u00f3n reactiva de \u00faltima generaci\u00f3n y sobre potenciadas para un uso extremo. Construidas en aluminio y cobre para una m\u00e1xima conductividad con el m\u00ednimo peso. Son 100% libres de Mercurio. Ideales para instalaci\u00f3n en aparatos electrodom\u00e9sticos de uso intensivo","og_url":"https:\/\/batterylight.es\/en\/lithium_plus\/","og_site_name":"Batterylight","article_modified_time":"2023-09-30T08:39:23+00:00","og_image":[{"url":"https:\/\/batterylight.es\/wp-content\/uploads\/2023\/07\/LITHIUM-PLUS.png","type":"","width":"","height":""}],"twitter_card":"summary_large_image","twitter_misc":{"Est. reading time":"1 minute"},"schema":{"@context":"https:\/\/schema.org","@graph":[{"@type":"WebPage","@id":"https:\/\/batterylight.es\/lithium_plus\/","url":"https:\/\/batterylight.es\/lithium_plus\/","name":"Lithium Plus - Batterylight","isPartOf":{"@id":"https:\/\/batterylight.es\/#website"},"primaryImageOfPage":{"@id":"https:\/\/batterylight.es\/lithium_plus\/#primaryimage"},"image":{"@id":"https:\/\/batterylight.es\/lithium_plus\/#primaryimage"},"thumbnailUrl":"https:\/\/batterylight.es\/wp-content\/uploads\/2023\/07\/LITHIUM-PLUS.png","datePublished":"2023-07-31T10:56:29+00:00","dateModified":"2023-09-30T08:39:23+00:00","breadcrumb":{"@id":"https:\/\/batterylight.es\/lithium_plus\/#breadcrumb"},"inLanguage":"en-US","potentialAction":[{"@type":"ReadAction","target":["https:\/\/batterylight.es\/lithium_plus\/"]}]},{"@type":"ImageObject","inLanguage":"en-US","@id":"https:\/\/batterylight.es\/lithium_plus\/#primaryimage","url":"https:\/\/batterylight.es\/wp-content\/uploads\/2023\/07\/LITHIUM-PLUS.png","contentUrl":"https:\/\/batterylight.es\/wp-content\/uploads\/2023\/07\/LITHIUM-PLUS.png"},{"@type":"BreadcrumbList","@id":"https:\/\/batterylight.es\/lithium_plus\/#breadcrumb","itemListElement":[{"@type":"ListItem","position":1,"name":"Portada","item":"https:\/\/batterylight.es\/"},{"@type":"ListItem","position":2,"name":"Lithium Plus"}]},{"@type":"WebSite","@id":"https:\/\/batterylight.es\/#website","url":"https:\/\/batterylight.es\/","name":"Batterylight","description":"","potentialAction":[{"@type":"SearchAction","target":{"@type":"EntryPoint","urlTemplate":"https:\/\/batterylight.es\/?s={search_term_string}"},"query-input":{"@type":"PropertyValueSpecification","valueRequired":true,"valueName":"search_term_string"}}],"inLanguage":"en-US"}]}},"_links":{"self":[{"href":"https:\/\/batterylight.es\/en\/wp-json\/wp\/v2\/pages\/8007","targetHints":{"allow":["GET"]}}],"collection":[{"href":"https:\/\/batterylight.es\/en\/wp-json\/wp\/v2\/pages"}],"about":[{"href":"https:\/\/batterylight.es\/en\/wp-json\/wp\/v2\/types\/page"}],"author":[{"embeddable":true,"href":"https:\/\/batterylight.es\/en\/wp-json\/wp\/v2\/users\/1"}],"replies":[{"embeddable":true,"href":"https:\/\/batterylight.es\/en\/wp-json\/wp\/v2\/comments?post=8007"}],"version-history":[{"count":24,"href":"https:\/\/batterylight.es\/en\/wp-json\/wp\/v2\/pages\/8007\/revisions"}],"predecessor-version":[{"id":8895,"href":"https:\/\/batterylight.es\/en\/wp-json\/wp\/v2\/pages\/8007\/revisions\/8895"}],"wp:attachment":[{"href":"https:\/\/batterylight.es\/en\/wp-json\/wp\/v2\/media?parent=8007"}],"curies":[{"name":"wp","href":"https:\/\/api.w.org\/{rel}","templated":true}]}}