{"id":8380,"date":"2023-09-18T13:39:55","date_gmt":"2023-09-18T11:39:55","guid":{"rendered":"http:\/\/batterywordp.avanzada7.com\/politica-de-privacidad-copia\/"},"modified":"2023-09-29T13:54:19","modified_gmt":"2023-09-29T11:54:19","slug":"politica-de-cookies","status":"publish","type":"page","link":"https:\/\/batterylight.es\/en\/politica-de-cookies\/","title":{"rendered":"Cookies policy"},"content":{"rendered":"<div data-elementor-type=\"wp-page\" data-elementor-id=\"8380\" class=\"elementor elementor-8380\">\n\t\t\t\t\t\t<section class=\"elementor-section elementor-top-section elementor-element elementor-element-31797d8 elementor-section-boxed elementor-section-height-default elementor-section-height-default\" data-id=\"31797d8\" data-element_type=\"section\" data-e-type=\"section\">\n\t\t\t\t\t\t<div class=\"elementor-container elementor-column-gap-default\">\n\t\t\t\t\t<div class=\"elementor-column elementor-col-100 elementor-top-column elementor-element elementor-element-321fd46\" data-id=\"321fd46\" data-element_type=\"column\" data-e-type=\"column\">\n\t\t\t<div class=\"elementor-widget-wrap\">\n\t\t\t\t\t\t\t<\/div>\n\t\t<\/div>\n\t\t\t\t\t<\/div>\n\t\t<\/section>\n\t\t\t\t<section class=\"elementor-section elementor-top-section elementor-element elementor-element-8c3c253 elementor-section-boxed elementor-section-height-default elementor-section-height-default\" data-id=\"8c3c253\" data-element_type=\"section\" data-e-type=\"section\">\n\t\t\t\t\t\t<div class=\"elementor-container elementor-column-gap-default\">\n\t\t\t\t\t<div class=\"elementor-column elementor-col-100 elementor-top-column elementor-element elementor-element-dad9e4f\" data-id=\"dad9e4f\" data-element_type=\"column\" data-e-type=\"column\">\n\t\t\t<div class=\"elementor-widget-wrap elementor-element-populated\">\n\t\t\t\t\t\t<div class=\"elementor-element elementor-element-9d12391 elementor-widget elementor-widget-spacer\" data-id=\"9d12391\" data-element_type=\"widget\" data-e-type=\"widget\" data-widget_type=\"spacer.default\">\n\t\t\t\t<div class=\"elementor-widget-container\">\n\t\t\t\t\t\t\t<div class=\"elementor-spacer\">\n\t\t\t<div class=\"elementor-spacer-inner\"><\/div>\n\t\t<\/div>\n\t\t\t\t\t\t<\/div>\n\t\t\t\t<\/div>\n\t\t\t\t\t<\/div>\n\t\t<\/div>\n\t\t\t\t\t<\/div>\n\t\t<\/section>\n\t\t\t\t<section class=\"elementor-section elementor-top-section elementor-element elementor-element-3213dde8 elementor-section-boxed elementor-section-height-default elementor-section-height-default\" data-id=\"3213dde8\" data-element_type=\"section\" data-e-type=\"section\">\n\t\t\t\t\t\t<div class=\"elementor-container elementor-column-gap-default\">\n\t\t\t\t\t<div class=\"elementor-column elementor-col-100 elementor-top-column elementor-element elementor-element-7c3ca582\" data-id=\"7c3ca582\" data-element_type=\"column\" data-e-type=\"column\">\n\t\t\t<div class=\"elementor-widget-wrap elementor-element-populated\">\n\t\t\t\t\t\t<div class=\"elementor-element elementor-element-4a5fa916 elementor-widget elementor-widget-text-editor\" data-id=\"4a5fa916\" data-element_type=\"widget\" data-e-type=\"widget\" data-widget_type=\"text-editor.default\">\n\t\t\t\t<div class=\"elementor-widget-container\">\n\t\t\t\t\t\t\t\t\t<p><\/p>\n<h3 class=\"wp-block-heading\">COOKIES POLICY<\/h3>\n<p>This document explains what cookies are and how we use them on our website.<\/p>\n<p>Don't worry: cookies are something very simple and something that all websites need to function.<\/p>\n<p>Our website uses cookies to improve your experience. By using our website, we consider that you accept its use, according to our privacy policy.<\/p>\n<p>In compliance with Law 34\/2002, of July 11, on Information Society and Electronic Commerce Services, we inform you that this website, like most sites on the Internet, uses Cookies to improve and optimize user experience.<\/p>\n<p>Below, you will find detailed information about what Cookies are, what type this website uses, how to change the settings of your cookies, and what happens if you disable Cookies.<\/p>\n<h5>What are Cookies?<\/h5>\n<p>A cookie is a small file that is downloaded to the user's computer with the purpose of storing data, which can be updated and recovered by the entity responsible for its installation.<\/p>\n<h5>What type of Cookies does this website use?<\/h5>\n<p>Below is a table with the Cookies used on this website:<\/p>\n<table>\n<tr>\n<td><strong style=\"color:black;\">Type of Cookie<\/strong><\/td>\n<td><strong style=\"color:black;\">Description<\/strong><\/td>\n<td><stron style=\"color:black;\">Supplier<\/strong><\/td>\n<\/tr>\n<tr>\n<td>Session cookies<\/td>\n<td>Temporary cookies that remain in the cookie file of your browser while our website is being visited. This is, they are active during your visit to our website and therefore they are deleted from your computer once you leave it.<\/td>\n<td>Our own<\/td>\n<\/tr>\n<tr>\n<td>Analysis cookies<\/td>\n<td>Cookies that allow us to quantify the number of users and thus carry out the measurement and statistical analysis of the use that users make of the service offered.<\/td>\n<td>Google analytics<\/td>\n<\/tr>\n<tr>\n<td>Advertising cookies<\/td>\n<td>Cookies that allow the management of advertising spaces based on criteria such as the edited content or the frequency in which the ads are displayed<\/td>\n<td>These are not used<\/td>\n<\/tr>\n<\/table>\n<p>&nbsp;<\/p>\n<h5>How can you set up your Cookies?<\/h5>\n<p>By browsing and continuing on our website, you will be consenting to the use of Cookies under the conditions contained in this Cookies Policy. As a user, you have the possibility of exercising your right to block, delete and reject the use of Cookies, at any time, by modifying your browser options.<\/p>\n<p>For example:<\/p>\n<ul>\n<li class=\"translation-block\"><span style=\"color: #000000\"><strong>Internet Explorer:<\/strong><\/span>\u00a0Tools &gt; Internet Options &gt; Privacy &gt; Settings. For more information, you can contact Microsoft support department.<\/li>\n<li><strong><span style=\"color: #000000;\">Mozilla Firefox:<\/span>\u00a0<\/strong>Tools &gt; Options &gt; Privacy &gt; Record &gt; Customized settings. For more information, you can contact Mozilla support department.<\/li>\n<li class=\"translation-block\"><strong><span style=\"color: #000000\">Google Chrome:<\/span>\u00a0<\/strong>Settings &gt; Show advanced options &gt; Privacy -&gt; Content settings. For more information, you can contact Google support department.<\/li>\n<li class=\"translation-block\"><strong><span style=\"color: #000000\">Safari:\u00a0<\/span><\/strong>Preferences &gt; Security. For more information, you can contact Apple support department.<\/li>\n<li class=\"translation-block\"><strong><span style=\"color: #000000\">Opera:<\/span><\/strong>\u00a0Settings &gt; Options &gt; Advanced &gt; Cookies For more information, you can contact Opera support department.<\/li>\n<\/ul>\n<p>If you use a browser other than the previous ones, consult its cookie installation, use and blocking policy.<\/p>\n<h5>What happens if Cookies are disabled?<\/h5>\n<p>Some features of the Services or areas of this website may not function properly.<\/p>\n<h5>Do we update our Cookies policy?<\/h5>\n<p>It is possible that we update the Cookies policy of our website, therefore, our lawyers ask us to recommend that you review this policy every time you access our website, with the aim of being adequately informed about how and why we use Cookies.<\/p>\n<p><\/p>\n\t\t\t\t\t\t\t\t<\/div>\n\t\t\t\t<\/div>\n\t\t\t\t<div class=\"elementor-element elementor-element-2f20f4a elementor-widget elementor-widget-html\" data-id=\"2f20f4a\" data-element_type=\"widget\" data-e-type=\"widget\" data-widget_type=\"html.default\">\n\t\t\t\t<div class=\"elementor-widget-container\">\n\t\t\t\t\t<style>\n    #masthead{\n        position: relative !important;\n        background-color: rgba(0,3,45,.9);\n    }\n<\/style>\t\t\t\t<\/div>\n\t\t\t\t<\/div>\n\t\t\t\t\t<\/div>\n\t\t<\/div>\n\t\t\t\t\t<\/div>\n\t\t<\/section>\n\t\t\t\t<\/div>","protected":false},"excerpt":{"rendered":"<p>POL\u00cdTICA DE COOKIES En este documento se explica qu\u00e9 son las cookies y c\u00f3mo las usamos en nuestra web. No te preocupes: las cookies son algo muy sencillo y que todas las webs necesitan para funcionar. Nuestra web utiliza cookies para mejorar tu experiencia. Al utilizar nuestra web, consideramos que aceptas su uso, seg\u00fan nuestra<\/p>","protected":false},"author":1,"featured_media":0,"parent":0,"menu_order":0,"comment_status":"closed","ping_status":"open","template":"","meta":{"footnotes":""},"class_list":["post-8380","page","type-page","status-publish","hentry"],"yoast_head":"<!-- This site is optimized with the Yoast SEO plugin v27.4 - https:\/\/yoast.com\/product\/yoast-seo-wordpress\/ -->\n<title>Pol\u00edtica de cookies - Batterylight<\/title>\n<meta name=\"robots\" content=\"index, follow, max-snippet:-1, max-image-preview:large, max-video-preview:-1\" \/>\n<link rel=\"canonical\" href=\"https:\/\/batterylight.es\/en\/politica-de-cookies\/\" \/>\n<meta property=\"og:locale\" content=\"en_US\" \/>\n<meta property=\"og:type\" content=\"article\" \/>\n<meta property=\"og:title\" content=\"Pol\u00edtica de cookies - Batterylight\" \/>\n<meta property=\"og:description\" content=\"POL\u00cdTICA DE COOKIES En este documento se explica qu\u00e9 son las cookies y c\u00f3mo las usamos en nuestra web. No te preocupes: las cookies son algo muy sencillo y que todas las webs necesitan para funcionar. Nuestra web utiliza cookies para mejorar tu experiencia. Al utilizar nuestra web, consideramos que aceptas su uso, seg\u00fan nuestra\" \/>\n<meta property=\"og:url\" content=\"https:\/\/batterylight.es\/en\/politica-de-cookies\/\" \/>\n<meta property=\"og:site_name\" content=\"Batterylight\" \/>\n<meta property=\"article:modified_time\" content=\"2023-09-29T11:54:19+00:00\" \/>\n<meta name=\"twitter:card\" content=\"summary_large_image\" \/>\n<meta name=\"twitter:label1\" content=\"Est. reading time\" \/>\n\t<meta name=\"twitter:data1\" content=\"3 minutes\" \/>\n<script type=\"application\/ld+json\" class=\"yoast-schema-graph\">{\"@context\":\"https:\\\/\\\/schema.org\",\"@graph\":[{\"@type\":\"WebPage\",\"@id\":\"https:\\\/\\\/batterylight.es\\\/politica-de-cookies\\\/\",\"url\":\"https:\\\/\\\/batterylight.es\\\/politica-de-cookies\\\/\",\"name\":\"Pol\u00edtica de cookies - Batterylight\",\"isPartOf\":{\"@id\":\"https:\\\/\\\/batterylight.es\\\/#website\"},\"datePublished\":\"2023-09-18T11:39:55+00:00\",\"dateModified\":\"2023-09-29T11:54:19+00:00\",\"breadcrumb\":{\"@id\":\"https:\\\/\\\/batterylight.es\\\/politica-de-cookies\\\/#breadcrumb\"},\"inLanguage\":\"en-US\",\"potentialAction\":[{\"@type\":\"ReadAction\",\"target\":[\"https:\\\/\\\/batterylight.es\\\/politica-de-cookies\\\/\"]}]},{\"@type\":\"BreadcrumbList\",\"@id\":\"https:\\\/\\\/batterylight.es\\\/politica-de-cookies\\\/#breadcrumb\",\"itemListElement\":[{\"@type\":\"ListItem\",\"position\":1,\"name\":\"Portada\",\"item\":\"https:\\\/\\\/batterylight.es\\\/\"},{\"@type\":\"ListItem\",\"position\":2,\"name\":\"Pol\u00edtica de cookies\"}]},{\"@type\":\"WebSite\",\"@id\":\"https:\\\/\\\/batterylight.es\\\/#website\",\"url\":\"https:\\\/\\\/batterylight.es\\\/\",\"name\":\"Batterylight\",\"description\":\"\",\"potentialAction\":[{\"@type\":\"SearchAction\",\"target\":{\"@type\":\"EntryPoint\",\"urlTemplate\":\"https:\\\/\\\/batterylight.es\\\/?s={search_term_string}\"},\"query-input\":{\"@type\":\"PropertyValueSpecification\",\"valueRequired\":true,\"valueName\":\"search_term_string\"}}],\"inLanguage\":\"en-US\"}]}<\/script>\n<!-- \/ Yoast SEO plugin. -->","yoast_head_json":{"title":"Pol\u00edtica de cookies - Batterylight","robots":{"index":"index","follow":"follow","max-snippet":"max-snippet:-1","max-image-preview":"max-image-preview:large","max-video-preview":"max-video-preview:-1"},"canonical":"https:\/\/batterylight.es\/en\/politica-de-cookies\/","og_locale":"en_US","og_type":"article","og_title":"Pol\u00edtica de cookies - Batterylight","og_description":"POL\u00cdTICA DE COOKIES En este documento se explica qu\u00e9 son las cookies y c\u00f3mo las usamos en nuestra web. No te preocupes: las cookies son algo muy sencillo y que todas las webs necesitan para funcionar. Nuestra web utiliza cookies para mejorar tu experiencia. Al utilizar nuestra web, consideramos que aceptas su uso, seg\u00fan nuestra","og_url":"https:\/\/batterylight.es\/en\/politica-de-cookies\/","og_site_name":"Batterylight","article_modified_time":"2023-09-29T11:54:19+00:00","twitter_card":"summary_large_image","twitter_misc":{"Est. reading time":"3 minutes"},"schema":{"@context":"https:\/\/schema.org","@graph":[{"@type":"WebPage","@id":"https:\/\/batterylight.es\/politica-de-cookies\/","url":"https:\/\/batterylight.es\/politica-de-cookies\/","name":"Pol\u00edtica de cookies - Batterylight","isPartOf":{"@id":"https:\/\/batterylight.es\/#website"},"datePublished":"2023-09-18T11:39:55+00:00","dateModified":"2023-09-29T11:54:19+00:00","breadcrumb":{"@id":"https:\/\/batterylight.es\/politica-de-cookies\/#breadcrumb"},"inLanguage":"en-US","potentialAction":[{"@type":"ReadAction","target":["https:\/\/batterylight.es\/politica-de-cookies\/"]}]},{"@type":"BreadcrumbList","@id":"https:\/\/batterylight.es\/politica-de-cookies\/#breadcrumb","itemListElement":[{"@type":"ListItem","position":1,"name":"Portada","item":"https:\/\/batterylight.es\/"},{"@type":"ListItem","position":2,"name":"Pol\u00edtica de cookies"}]},{"@type":"WebSite","@id":"https:\/\/batterylight.es\/#website","url":"https:\/\/batterylight.es\/","name":"Batterylight","description":"","potentialAction":[{"@type":"SearchAction","target":{"@type":"EntryPoint","urlTemplate":"https:\/\/batterylight.es\/?s={search_term_string}"},"query-input":{"@type":"PropertyValueSpecification","valueRequired":true,"valueName":"search_term_string"}}],"inLanguage":"en-US"}]}},"_links":{"self":[{"href":"https:\/\/batterylight.es\/en\/wp-json\/wp\/v2\/pages\/8380","targetHints":{"allow":["GET"]}}],"collection":[{"href":"https:\/\/batterylight.es\/en\/wp-json\/wp\/v2\/pages"}],"about":[{"href":"https:\/\/batterylight.es\/en\/wp-json\/wp\/v2\/types\/page"}],"author":[{"embeddable":true,"href":"https:\/\/batterylight.es\/en\/wp-json\/wp\/v2\/users\/1"}],"replies":[{"embeddable":true,"href":"https:\/\/batterylight.es\/en\/wp-json\/wp\/v2\/comments?post=8380"}],"version-history":[{"count":35,"href":"https:\/\/batterylight.es\/en\/wp-json\/wp\/v2\/pages\/8380\/revisions"}],"predecessor-version":[{"id":8593,"href":"https:\/\/batterylight.es\/en\/wp-json\/wp\/v2\/pages\/8380\/revisions\/8593"}],"wp:attachment":[{"href":"https:\/\/batterylight.es\/en\/wp-json\/wp\/v2\/media?parent=8380"}],"curies":[{"name":"wp","href":"https:\/\/api.w.org\/{rel}","templated":true}]}}