{"id":8389,"date":"2023-09-18T13:56:33","date_gmt":"2023-09-18T11:56:33","guid":{"rendered":"http:\/\/batterywordp.avanzada7.com\/politica-de-cookies-copia\/"},"modified":"2023-09-20T10:07:20","modified_gmt":"2023-09-20T08:07:20","slug":"politica-de-medio-ambiente","status":"publish","type":"page","link":"https:\/\/batterylight.es\/en\/politica-de-medio-ambiente\/","title":{"rendered":"Pol\u00edtica de calidad y medio ambiente"},"content":{"rendered":"<div data-elementor-type=\"wp-page\" data-elementor-id=\"8389\" class=\"elementor elementor-8389\">\n\t\t\t\t\t\t<section class=\"elementor-section elementor-top-section elementor-element elementor-element-31797d8 elementor-section-boxed elementor-section-height-default elementor-section-height-default\" data-id=\"31797d8\" data-element_type=\"section\" data-e-type=\"section\">\n\t\t\t\t\t\t<div class=\"elementor-container elementor-column-gap-default\">\n\t\t\t\t\t<div class=\"elementor-column elementor-col-100 elementor-top-column elementor-element elementor-element-321fd46\" data-id=\"321fd46\" data-element_type=\"column\" data-e-type=\"column\">\n\t\t\t<div class=\"elementor-widget-wrap\">\n\t\t\t\t\t\t\t<\/div>\n\t\t<\/div>\n\t\t\t\t\t<\/div>\n\t\t<\/section>\n\t\t\t\t<section class=\"elementor-section elementor-top-section elementor-element elementor-element-8c3c253 elementor-section-boxed elementor-section-height-default elementor-section-height-default\" data-id=\"8c3c253\" data-element_type=\"section\" data-e-type=\"section\">\n\t\t\t\t\t\t<div class=\"elementor-container elementor-column-gap-default\">\n\t\t\t\t\t<div class=\"elementor-column elementor-col-100 elementor-top-column elementor-element elementor-element-dad9e4f\" data-id=\"dad9e4f\" data-element_type=\"column\" data-e-type=\"column\">\n\t\t\t<div class=\"elementor-widget-wrap elementor-element-populated\">\n\t\t\t\t\t\t<div class=\"elementor-element elementor-element-9d12391 elementor-widget elementor-widget-spacer\" data-id=\"9d12391\" data-element_type=\"widget\" data-e-type=\"widget\" data-widget_type=\"spacer.default\">\n\t\t\t\t<div class=\"elementor-widget-container\">\n\t\t\t\t\t\t\t<div class=\"elementor-spacer\">\n\t\t\t<div class=\"elementor-spacer-inner\"><\/div>\n\t\t<\/div>\n\t\t\t\t\t\t<\/div>\n\t\t\t\t<\/div>\n\t\t\t\t\t<\/div>\n\t\t<\/div>\n\t\t\t\t\t<\/div>\n\t\t<\/section>\n\t\t\t\t<section class=\"elementor-section elementor-top-section elementor-element elementor-element-3213dde8 elementor-section-boxed elementor-section-height-default elementor-section-height-default\" data-id=\"3213dde8\" data-element_type=\"section\" data-e-type=\"section\">\n\t\t\t\t\t\t<div class=\"elementor-container elementor-column-gap-default\">\n\t\t\t\t\t<div class=\"elementor-column elementor-col-100 elementor-top-column elementor-element elementor-element-7c3ca582\" data-id=\"7c3ca582\" data-element_type=\"column\" data-e-type=\"column\">\n\t\t\t<div class=\"elementor-widget-wrap elementor-element-populated\">\n\t\t\t\t\t\t<div class=\"elementor-element elementor-element-4a5fa916 elementor-widget elementor-widget-text-editor\" data-id=\"4a5fa916\" data-element_type=\"widget\" data-e-type=\"widget\" data-widget_type=\"text-editor.default\">\n\t\t\t\t<div class=\"elementor-widget-container\">\n\t\t\t\t\t\t\t\t\t<p><\/p>\n<h3 class=\"wp-block-heading\">QUALITY AND ENVIRONMENTAL POLICY<\/h3>\n<p class=\"translation-block\">IBERVOIP SERVICES S.L. has been commited to quality policies and respect for the environment, and therefore, it has established a Quality and Environmental Management System based on the UNE EN ISO 9001:2015 and UNE-EN-ISO 14001:2015 Standards to promote continuous improvement and pollution prevention.\nThis Policy is considered a reference framework to establish and review the objectives and goals of the Management System. All of this leads us to establish the following guidelines:<\/p>\n<ul>\n<li class=\"translation-block\"><strong><span style=\"color: #000000\">Customer satisfaction:<\/span> <\/strong>provision of all those services required by our customers, so that their requirements and expectations are satisfied. Full customer satisfaction is our top priority.<\/li>\n<li>\n<p class=\"translation-block\"><strong><span style=\"color: #000000\">Values:<\/span> we work every day to be a company specializing in LED projection of reference at a national and international level, differentiating ourselves through our commitment, professionalism and contribution of value to our clients.<\/strong><\/p>\n<\/li>\n<li>\n<p class=\"translation-block\"><strong><span style=\"color: #000000\">Legality:<\/span> comply with current legislation and other voluntarily accepted requirements that may be applicable.<\/strong><\/p>\n<\/li>\n<li>\n<p class=\"translation-block\"><strong><span style=\"color: #000000\">Entrepreneurship:<\/span> we are proactive in detecting and taking advantage of opportunities. We form a highly motivated Andalusian team obsessed with new technologies, eager to develop innovative products that can be internationalized.<\/strong><\/p>\n<\/li>\n<li>\n<p class=\"translation-block\"><strong><span style=\"color: #000000\">Continuous improvement:<\/span> we work every day to improve our service provision and the implemented management system, providing all the necessary resources for this purpose.<\/strong><\/p>\n<\/li>\n<li>\n<p class=\"translation-block\"><strong><span style=\"color: #000000\">Marketing:<\/span> increase the client portfolio by developing Responsible Marketing actions.<\/strong><\/p>\n<\/li>\n<li>\n<p class=\"translation-block\"><strong><span style=\"color: #000000\">Training:<\/span> the empowerment of human resources, through a program of preparation and training of personnel at all levels of the company. As well as promoting the training and environmental awareness of our employees.<\/strong><\/p>\n<\/li>\n<li class=\"translation-block\"><strong><span style=\"color: #000000\">Consultancy:<\/span> We work constantly to stay updated and be able to offer the best service to solve the company's problems.<\/strong><\/li>\n<li class=\"translation-block\"><strong><span style=\"color: #000000\">Environmental Protection:<\/span> The prevention of pollution and the depletion of resources are incorporated into all activities carried out with a potential impact on the Environment, through the control, management and minimization of possible waste generated during our activity.<\/strong><\/li>\n<\/ul>\n<p>The responsibility for the start-up and implementation of the Management System lies within all areas of IBERVOIP SERVICES S.L. Therefore, all workers remain committed to incorporating quality management into their daily activities and working to minimize the generation of waste and consumption.<\/p>\n<p><\/p>\n\t\t\t\t\t\t\t\t<\/div>\n\t\t\t\t<\/div>\n\t\t\t\t<div class=\"elementor-element elementor-element-2f20f4a elementor-widget elementor-widget-html\" data-id=\"2f20f4a\" data-element_type=\"widget\" data-e-type=\"widget\" data-widget_type=\"html.default\">\n\t\t\t\t<div class=\"elementor-widget-container\">\n\t\t\t\t\t<style>\n    #masthead{\n        position: relative !important;\n        background-color: rgba(0,3,45,.9);\n    }\n<\/style>\t\t\t\t<\/div>\n\t\t\t\t<\/div>\n\t\t\t\t\t<\/div>\n\t\t<\/div>\n\t\t\t\t\t<\/div>\n\t\t<\/section>\n\t\t\t\t<\/div>","protected":false},"excerpt":{"rendered":"<p>POL\u00cdTICA DE CALIDAD Y MEDIO AMBIENTE En IBERVOIP SERVICES S.L. hemos asumido el compromiso de mantener un Sistema de Gesti\u00f3n de la Calidad y Medio Ambiente basado en los requisitos de la norma ISO 9001:2015 e ISO 14001:2015 que favorezca la mejora continua y la prevenci\u00f3n de la contaminaci\u00f3n.Esta Pol\u00edtica se considera marco de referencia<\/p>","protected":false},"author":1,"featured_media":0,"parent":0,"menu_order":0,"comment_status":"closed","ping_status":"open","template":"","meta":{"footnotes":""},"class_list":["post-8389","page","type-page","status-publish","hentry"],"yoast_head":"<!-- This site is optimized with the Yoast SEO plugin v27.4 - https:\/\/yoast.com\/product\/yoast-seo-wordpress\/ -->\n<title>Pol\u00edtica de calidad y medio ambiente - Batterylight<\/title>\n<meta name=\"robots\" content=\"index, follow, max-snippet:-1, max-image-preview:large, max-video-preview:-1\" \/>\n<link rel=\"canonical\" href=\"https:\/\/batterylight.es\/en\/politica-de-medio-ambiente\/\" \/>\n<meta property=\"og:locale\" content=\"en_US\" \/>\n<meta property=\"og:type\" content=\"article\" \/>\n<meta property=\"og:title\" content=\"Pol\u00edtica de calidad y medio ambiente - Batterylight\" \/>\n<meta property=\"og:description\" content=\"POL\u00cdTICA DE CALIDAD Y MEDIO AMBIENTE En IBERVOIP SERVICES S.L. hemos asumido el compromiso de mantener un Sistema de Gesti\u00f3n de la Calidad y Medio Ambiente basado en los requisitos de la norma ISO 9001:2015 e ISO 14001:2015 que favorezca la mejora continua y la prevenci\u00f3n de la contaminaci\u00f3n.Esta Pol\u00edtica se considera marco de referencia\" \/>\n<meta property=\"og:url\" content=\"https:\/\/batterylight.es\/en\/politica-de-medio-ambiente\/\" \/>\n<meta property=\"og:site_name\" content=\"Batterylight\" \/>\n<meta property=\"article:modified_time\" content=\"2023-09-20T08:07:20+00:00\" \/>\n<meta name=\"twitter:card\" content=\"summary_large_image\" \/>\n<meta name=\"twitter:label1\" content=\"Est. reading time\" \/>\n\t<meta name=\"twitter:data1\" content=\"2 minutes\" \/>\n<script type=\"application\/ld+json\" class=\"yoast-schema-graph\">{\"@context\":\"https:\\\/\\\/schema.org\",\"@graph\":[{\"@type\":\"WebPage\",\"@id\":\"https:\\\/\\\/batterylight.es\\\/politica-de-medio-ambiente\\\/\",\"url\":\"https:\\\/\\\/batterylight.es\\\/politica-de-medio-ambiente\\\/\",\"name\":\"Pol\u00edtica de calidad y medio ambiente - Batterylight\",\"isPartOf\":{\"@id\":\"https:\\\/\\\/batterylight.es\\\/#website\"},\"datePublished\":\"2023-09-18T11:56:33+00:00\",\"dateModified\":\"2023-09-20T08:07:20+00:00\",\"breadcrumb\":{\"@id\":\"https:\\\/\\\/batterylight.es\\\/politica-de-medio-ambiente\\\/#breadcrumb\"},\"inLanguage\":\"en-US\",\"potentialAction\":[{\"@type\":\"ReadAction\",\"target\":[\"https:\\\/\\\/batterylight.es\\\/politica-de-medio-ambiente\\\/\"]}]},{\"@type\":\"BreadcrumbList\",\"@id\":\"https:\\\/\\\/batterylight.es\\\/politica-de-medio-ambiente\\\/#breadcrumb\",\"itemListElement\":[{\"@type\":\"ListItem\",\"position\":1,\"name\":\"Portada\",\"item\":\"https:\\\/\\\/batterylight.es\\\/\"},{\"@type\":\"ListItem\",\"position\":2,\"name\":\"Pol\u00edtica de calidad y medio ambiente\"}]},{\"@type\":\"WebSite\",\"@id\":\"https:\\\/\\\/batterylight.es\\\/#website\",\"url\":\"https:\\\/\\\/batterylight.es\\\/\",\"name\":\"Batterylight\",\"description\":\"\",\"potentialAction\":[{\"@type\":\"SearchAction\",\"target\":{\"@type\":\"EntryPoint\",\"urlTemplate\":\"https:\\\/\\\/batterylight.es\\\/?s={search_term_string}\"},\"query-input\":{\"@type\":\"PropertyValueSpecification\",\"valueRequired\":true,\"valueName\":\"search_term_string\"}}],\"inLanguage\":\"en-US\"}]}<\/script>\n<!-- \/ Yoast SEO plugin. -->","yoast_head_json":{"title":"Pol\u00edtica de calidad y medio ambiente - Batterylight","robots":{"index":"index","follow":"follow","max-snippet":"max-snippet:-1","max-image-preview":"max-image-preview:large","max-video-preview":"max-video-preview:-1"},"canonical":"https:\/\/batterylight.es\/en\/politica-de-medio-ambiente\/","og_locale":"en_US","og_type":"article","og_title":"Pol\u00edtica de calidad y medio ambiente - Batterylight","og_description":"POL\u00cdTICA DE CALIDAD Y MEDIO AMBIENTE En IBERVOIP SERVICES S.L. hemos asumido el compromiso de mantener un Sistema de Gesti\u00f3n de la Calidad y Medio Ambiente basado en los requisitos de la norma ISO 9001:2015 e ISO 14001:2015 que favorezca la mejora continua y la prevenci\u00f3n de la contaminaci\u00f3n.Esta Pol\u00edtica se considera marco de referencia","og_url":"https:\/\/batterylight.es\/en\/politica-de-medio-ambiente\/","og_site_name":"Batterylight","article_modified_time":"2023-09-20T08:07:20+00:00","twitter_card":"summary_large_image","twitter_misc":{"Est. reading time":"2 minutes"},"schema":{"@context":"https:\/\/schema.org","@graph":[{"@type":"WebPage","@id":"https:\/\/batterylight.es\/politica-de-medio-ambiente\/","url":"https:\/\/batterylight.es\/politica-de-medio-ambiente\/","name":"Pol\u00edtica de calidad y medio ambiente - Batterylight","isPartOf":{"@id":"https:\/\/batterylight.es\/#website"},"datePublished":"2023-09-18T11:56:33+00:00","dateModified":"2023-09-20T08:07:20+00:00","breadcrumb":{"@id":"https:\/\/batterylight.es\/politica-de-medio-ambiente\/#breadcrumb"},"inLanguage":"en-US","potentialAction":[{"@type":"ReadAction","target":["https:\/\/batterylight.es\/politica-de-medio-ambiente\/"]}]},{"@type":"BreadcrumbList","@id":"https:\/\/batterylight.es\/politica-de-medio-ambiente\/#breadcrumb","itemListElement":[{"@type":"ListItem","position":1,"name":"Portada","item":"https:\/\/batterylight.es\/"},{"@type":"ListItem","position":2,"name":"Pol\u00edtica de calidad y medio ambiente"}]},{"@type":"WebSite","@id":"https:\/\/batterylight.es\/#website","url":"https:\/\/batterylight.es\/","name":"Batterylight","description":"","potentialAction":[{"@type":"SearchAction","target":{"@type":"EntryPoint","urlTemplate":"https:\/\/batterylight.es\/?s={search_term_string}"},"query-input":{"@type":"PropertyValueSpecification","valueRequired":true,"valueName":"search_term_string"}}],"inLanguage":"en-US"}]}},"_links":{"self":[{"href":"https:\/\/batterylight.es\/en\/wp-json\/wp\/v2\/pages\/8389","targetHints":{"allow":["GET"]}}],"collection":[{"href":"https:\/\/batterylight.es\/en\/wp-json\/wp\/v2\/pages"}],"about":[{"href":"https:\/\/batterylight.es\/en\/wp-json\/wp\/v2\/types\/page"}],"author":[{"embeddable":true,"href":"https:\/\/batterylight.es\/en\/wp-json\/wp\/v2\/users\/1"}],"replies":[{"embeddable":true,"href":"https:\/\/batterylight.es\/en\/wp-json\/wp\/v2\/comments?post=8389"}],"version-history":[{"count":20,"href":"https:\/\/batterylight.es\/en\/wp-json\/wp\/v2\/pages\/8389\/revisions"}],"predecessor-version":[{"id":8491,"href":"https:\/\/batterylight.es\/en\/wp-json\/wp\/v2\/pages\/8389\/revisions\/8491"}],"wp:attachment":[{"href":"https:\/\/batterylight.es\/en\/wp-json\/wp\/v2\/media?parent=8389"}],"curies":[{"name":"wp","href":"https:\/\/api.w.org\/{rel}","templated":true}]}}