{"id":8938,"date":"2023-10-02T10:21:26","date_gmt":"2023-10-02T08:21:26","guid":{"rendered":"https:\/\/batterylight.es\/?page_id=8938"},"modified":"2023-10-02T10:27:04","modified_gmt":"2023-10-02T08:27:04","slug":"contactos","status":"publish","type":"page","link":"https:\/\/batterylight.es\/en\/contactos\/","title":{"rendered":"Contacts"},"content":{"rendered":"<div data-elementor-type=\"wp-page\" data-elementor-id=\"8938\" class=\"elementor elementor-8938\">\n\t\t\t\t\t\t<section class=\"elementor-section elementor-top-section elementor-element elementor-element-07addcb elementor-section-boxed elementor-section-height-default elementor-section-height-default\" data-id=\"07addcb\" data-element_type=\"section\" data-e-type=\"section\">\n\t\t\t\t\t\t<div class=\"elementor-container elementor-column-gap-default\">\n\t\t\t\t\t<div class=\"elementor-column elementor-col-100 elementor-top-column elementor-element elementor-element-b4e8db4\" data-id=\"b4e8db4\" data-element_type=\"column\" data-e-type=\"column\">\n\t\t\t<div class=\"elementor-widget-wrap elementor-element-populated\">\n\t\t\t\t\t\t<div class=\"elementor-element elementor-element-cbf2d87 elementor-widget elementor-widget-spacer\" data-id=\"cbf2d87\" data-element_type=\"widget\" data-e-type=\"widget\" data-widget_type=\"spacer.default\">\n\t\t\t\t<div class=\"elementor-widget-container\">\n\t\t\t\t\t\t\t<div class=\"elementor-spacer\">\n\t\t\t<div class=\"elementor-spacer-inner\"><\/div>\n\t\t<\/div>\n\t\t\t\t\t\t<\/div>\n\t\t\t\t<\/div>\n\t\t\t\t\t<\/div>\n\t\t<\/div>\n\t\t\t\t\t<\/div>\n\t\t<\/section>\n\t\t\t\t<section class=\"elementor-section elementor-top-section elementor-element elementor-element-e6c3b79 elementor-section-boxed elementor-section-height-default elementor-section-height-default\" data-id=\"e6c3b79\" data-element_type=\"section\" data-e-type=\"section\" data-settings=\"{&quot;background_background&quot;:&quot;classic&quot;}\">\n\t\t\t\t\t\t<div class=\"elementor-container elementor-column-gap-default\">\n\t\t\t\t\t<div class=\"elementor-column elementor-col-50 elementor-top-column elementor-element elementor-element-4d8ff1a\" data-id=\"4d8ff1a\" data-element_type=\"column\" data-e-type=\"column\">\n\t\t\t<div class=\"elementor-widget-wrap elementor-element-populated\">\n\t\t\t\t\t\t<div class=\"elementor-element elementor-element-4fbd7dc elementor-widget elementor-widget-google_maps\" data-id=\"4fbd7dc\" data-element_type=\"widget\" data-e-type=\"widget\" data-widget_type=\"google_maps.default\">\n\t\t\t\t<div class=\"elementor-widget-container\">\n\t\t\t\t\t\t\t<div class=\"elementor-custom-embed\">\n\t\t\t<iframe loading=\"lazy\"\n\t\t\t\t\tsrc=\"https:\/\/maps.google.com\/maps?q=calle%20bodegueros%2021&#038;t=m&#038;z=17&#038;output=embed&#038;iwloc=near\"\n\t\t\t\t\ttitle=\"calle bodegueros 21\"\n\t\t\t\t\taria-label=\"calle bodegueros 21\"\n\t\t\t><\/iframe>\n\t\t<\/div>\n\t\t\t\t\t\t<\/div>\n\t\t\t\t<\/div>\n\t\t\t\t<div class=\"elementor-element elementor-element-d32111a elementor-widget elementor-widget-stm_spacing\" data-id=\"d32111a\" data-element_type=\"widget\" data-e-type=\"widget\" data-widget_type=\"stm_spacing.default\">\n\t\t\t\t<div class=\"elementor-widget-container\">\n\t\t\t\t\t<div class=\"stm-spacing\" id=\"stm-spacing-69e4dd85652bc\"><\/div>\n<script>\n    (function($){\n        \"use strict\";\n        var spacingID = 'stm-spacing-69e4dd85652bc',\n            lgSpacing = '0',\n            mdSpacing = '10',\n            smSpacing = '20',\n            xsSpacing = '10';\n\n        function stmSpacing() {\n            if ( window.matchMedia(\"(min-width: 1200px)\").matches && lgSpacing ) {\n                $( '#' + spacingID ).css ( \"height\", lgSpacing );\n            } else if ( window.matchMedia(\"(max-width: 1199px) and (min-width: 992px )\").matches && mdSpacing ) {\n                $( '#' + spacingID ).css ( \"height\", mdSpacing );\n            } else if ( window.matchMedia(\"(max-width: 991px) and (min-width: 768px )\").matches && smSpacing ) {\n                $( '#' + spacingID ).css ( \"height\", smSpacing );\n            } else if ( window.matchMedia(\"(max-width: 767px)\").matches && xsSpacing ) {\n                $( '#' + spacingID ).css ( \"height\", xsSpacing );\n            } else {\n                $( '#' + spacingID ).css ( \"height\", \"\" );\n            }\n        }\n\n        $(document).ready(function() {\n            stmSpacing();\n        });\n\n        $(window).resize(function() {\n            stmSpacing();\n        });\n\n    })(jQuery);\n<\/script>\t\t\t\t<\/div>\n\t\t\t\t<\/div>\n\t\t\t\t\t<\/div>\n\t\t<\/div>\n\t\t\t\t<div class=\"elementor-column elementor-col-50 elementor-top-column elementor-element elementor-element-ebe376e\" data-id=\"ebe376e\" data-element_type=\"column\" data-e-type=\"column\" data-settings=\"{&quot;background_background&quot;:&quot;classic&quot;}\">\n\t\t\t<div class=\"elementor-widget-wrap elementor-element-populated\">\n\t\t\t\t\t\t<div class=\"elementor-element elementor-element-2754983 elementor-widget elementor-widget-text-editor\" data-id=\"2754983\" data-element_type=\"widget\" data-e-type=\"widget\" data-widget_type=\"text-editor.default\">\n\t\t\t\t<div class=\"elementor-widget-container\">\n\t\t\t\t\t\t\t\t\t<p class=\"p2\"><span class=\"s2\">At Batterylight we understand that the best of us in this category need to join as a guarantee for the future. In our spirit it is being able to count on you as a collaborator in the task or specialty area where you are working. Whether you are a commercial agent, a specialist or general distribution trader, or an installer or manufacturer of lighting equipment or else.\u00a0<\/span><\/p>\n<p class=\"p2\"><span class=\"s2\">Send us a contact email and a telephone number where we can talk openly with you and we will call you as soon as possible.<\/span><\/p>\n<p class=\"p2\"><span class=\"s2\">We thank you in advance for your trust and we guarantee the greatest discretion in our communication as we believe privacy and respect for it comes first.<\/span><\/p>\n\t\t\t\t\t\t\t\t<\/div>\n\t\t\t\t<\/div>\n\t\t\t\t\t<\/div>\n\t\t<\/div>\n\t\t\t\t\t<\/div>\n\t\t<\/section>\n\t\t\t\t<section class=\"elementor-section elementor-top-section elementor-element elementor-element-d5cddb3 elementor-section-boxed elementor-section-height-default elementor-section-height-default\" data-id=\"d5cddb3\" data-element_type=\"section\" data-e-type=\"section\">\n\t\t\t\t\t\t<div class=\"elementor-container elementor-column-gap-default\">\n\t\t\t\t\t<div class=\"elementor-column elementor-col-100 elementor-top-column elementor-element elementor-element-40987df\" data-id=\"40987df\" data-element_type=\"column\" data-e-type=\"column\">\n\t\t\t<div class=\"elementor-widget-wrap elementor-element-populated\">\n\t\t\t\t\t\t<div class=\"elementor-element elementor-element-c297a0f elementor-widget elementor-widget-stm_contact_form_7\" data-id=\"c297a0f\" data-element_type=\"widget\" data-e-type=\"widget\" data-widget_type=\"stm_contact_form_7.default\">\n\t\t\t\t<div class=\"elementor-widget-container\">\n\t\t\t\t\t\n<div class=\"wpcf7 no-js\" id=\"wpcf7-f1474-o1\" lang=\"en-US\" dir=\"ltr\" data-wpcf7-id=\"1474\">\n<div class=\"screen-reader-response\"><p role=\"status\" aria-live=\"polite\" aria-atomic=\"true\"><\/p> <ul><\/ul><\/div>\n<form action=\"\/en\/wp-json\/wp\/v2\/pages\/8938#wpcf7-f1474-o1\" method=\"post\" class=\"wpcf7-form init\" aria-label=\"Contact form\" novalidate=\"novalidate\" data-status=\"init\" data-trp-original-action=\"\/en\/wp-json\/wp\/v2\/pages\/8938#wpcf7-f1474-o1\">\n<fieldset class=\"hidden-fields-container\"><input type=\"hidden\" name=\"_wpcf7\" value=\"1474\" \/><input type=\"hidden\" name=\"_wpcf7_version\" value=\"6.1.5\" \/><input type=\"hidden\" name=\"_wpcf7_locale\" value=\"en_US\" \/><input type=\"hidden\" name=\"_wpcf7_unit_tag\" value=\"wpcf7-f1474-o1\" \/><input type=\"hidden\" name=\"_wpcf7_container_post\" value=\"0\" \/><input type=\"hidden\" name=\"_wpcf7_posted_data_hash\" value=\"\" \/><input type=\"hidden\" name=\"_wpcf7_recaptcha_response\" value=\"\" \/>\n<\/fieldset>\n<div class=\"request_callback\">\n    <div class=\"row\">\n        <div class=\"col-lg-6 col-md-6 col-sm-6 col-xs-12\">\n            <div class=\"input-group\">\n                <span class=\"wpcf7-form-control-wrap\" data-name=\"text-name\"><input size=\"40\" maxlength=\"400\" class=\"wpcf7-form-control wpcf7-text wpcf7-validates-as-required\" aria-required=\"true\" aria-invalid=\"false\" placeholder=\"First name *\" value=\"\" type=\"text\" name=\"text-name\" \/><\/span>\n            <\/div>\n            <div class=\"input-group\">\n                <span class=\"wpcf7-form-control-wrap\" data-name=\"title\"><input size=\"40\" maxlength=\"400\" class=\"wpcf7-form-control wpcf7-text\" aria-invalid=\"false\" placeholder=\"Title\" value=\"\" type=\"text\" name=\"title\" \/><\/span>\n            <\/div>\n            <div class=\"input-group\">\n                <span class=\"wpcf7-form-control-wrap\" data-name=\"company\"><input size=\"40\" maxlength=\"400\" class=\"wpcf7-form-control wpcf7-text\" aria-invalid=\"false\" placeholder=\"Company\" value=\"\" type=\"text\" name=\"company\" \/><\/span>\n            <\/div>\n            <div class=\"input-group\">\n                <span class=\"wpcf7-form-control-wrap\" data-name=\"email\"><input size=\"40\" maxlength=\"400\" class=\"wpcf7-form-control wpcf7-email wpcf7-validates-as-required wpcf7-text wpcf7-validates-as-email\" aria-required=\"true\" aria-invalid=\"false\" placeholder=\"E-mail *\" value=\"\" type=\"email\" name=\"email\" \/><\/span>\n            <\/div>\n            <div class=\"input-group\">\n                <span class=\"wpcf7-form-control-wrap\" data-name=\"menu-774\"><select class=\"wpcf7-form-control wpcf7-select wpcf7-validates-as-required\" aria-required=\"true\" aria-invalid=\"false\" name=\"menu-774\"><option value=\"\">Reason for contact *<\/option><option value=\"Soporte\">Technical support<\/option><option value=\"Mas informaci\u00f3n\">More information<\/option><\/select><\/span>\n            <\/div>\n        <\/div>\n        <div class=\"col-lg-6 col-md-6 col-sm-6 col-xs-12\">\n            <div class=\"input-group\">\n                <span class=\"wpcf7-form-control-wrap\" data-name=\"subject\"><input size=\"40\" maxlength=\"400\" class=\"wpcf7-form-control wpcf7-text wpcf7-validates-as-required\" aria-required=\"true\" aria-invalid=\"false\" placeholder=\"Subject *\" value=\"\" type=\"text\" name=\"subject\" \/><\/span>\n            <\/div>\n            <div class=\"input-group\">\n                <span class=\"wpcf7-form-control-wrap\" data-name=\"message\"><textarea cols=\"40\" rows=\"10\" maxlength=\"2000\" class=\"wpcf7-form-control wpcf7-textarea wpcf7-validates-as-required\" aria-required=\"true\" aria-invalid=\"false\" placeholder=\"Your Message  *\" name=\"message\"><\/textarea><\/span>\n            <\/div>\n            <div class=\"input-group\">\n                <span class=\"wpcf7-form-control-wrap\" data-name=\"acceptance-738\"><span class=\"wpcf7-form-control wpcf7-acceptance\"><span class=\"wpcf7-list-item\"><label><input type=\"checkbox\" name=\"acceptance-738\" value=\"1\" aria-invalid=\"false\" \/><span class=\"wpcf7-list-item-label\">I accept privacy policy **<\/span><\/label><\/span><\/span><\/span>\n<br>\n(*) Required fields. <br>\n<a href =\"https:\/\/batterylight.es\/en\/politica-de-privacidad\/\" target=\"_blank\">(**) Privacy Policy<\/a>\n            <\/div>\n            \n            <div class=\"input-group\" style=\"text-align: end;\">\n                <button type=\"submit\" class=\"button size-lg icon_right\">Submit <i class=\"fa fa-chevron-right\"><\/i><\/button>\n            <\/div>\n        <\/div>\n    <\/div>\n<\/div><div class=\"wpcf7-response-output\" aria-hidden=\"true\"><\/div>\n<input type=\"hidden\" name=\"trp-form-language\" value=\"en\"\/><\/form>\n<\/div>\n\t\t\t\t\t\t<\/div>\n\t\t\t\t<\/div>\n\t\t\t\t\t<\/div>\n\t\t<\/div>\n\t\t\t\t\t<\/div>\n\t\t<\/section>\n\t\t\t\t<\/div>","protected":false},"excerpt":{"rendered":"<p>En Batterylight entendemos que necesitamos unirnos a los mejores en su categor\u00eda como garant\u00eda de futuro. En nuestro \u00e1nimo est\u00e1 el poder contar contigo como colaborador en la tarea o \u00e1rea de especialidad donde te est\u00e9s desenvolviendo. Ya seas un agente comercial, un comercio de distribuci\u00f3n especialista o generalista, o bien un instalador o fabricante<\/p>","protected":false},"author":1,"featured_media":0,"parent":0,"menu_order":0,"comment_status":"closed","ping_status":"closed","template":"","meta":{"footnotes":""},"class_list":["post-8938","page","type-page","status-publish","hentry"],"yoast_head":"<!-- This site is optimized with the Yoast SEO plugin v27.4 - https:\/\/yoast.com\/product\/yoast-seo-wordpress\/ -->\n<title>Contactos - Batterylight<\/title>\n<meta name=\"robots\" content=\"index, follow, max-snippet:-1, max-image-preview:large, max-video-preview:-1\" \/>\n<link rel=\"canonical\" href=\"https:\/\/batterylight.es\/en\/contactos\/\" \/>\n<meta property=\"og:locale\" content=\"en_US\" \/>\n<meta property=\"og:type\" content=\"article\" \/>\n<meta property=\"og:title\" content=\"Contactos - Batterylight\" \/>\n<meta property=\"og:description\" content=\"En Batterylight entendemos que necesitamos unirnos a los mejores en su categor\u00eda como garant\u00eda de futuro. En nuestro \u00e1nimo est\u00e1 el poder contar contigo como colaborador en la tarea o \u00e1rea de especialidad donde te est\u00e9s desenvolviendo. Ya seas un agente comercial, un comercio de distribuci\u00f3n especialista o generalista, o bien un instalador o fabricante\" \/>\n<meta property=\"og:url\" content=\"https:\/\/batterylight.es\/en\/contactos\/\" \/>\n<meta property=\"og:site_name\" content=\"Batterylight\" \/>\n<meta property=\"article:modified_time\" content=\"2023-10-02T08:27:04+00:00\" \/>\n<meta name=\"twitter:card\" content=\"summary_large_image\" \/>\n<meta name=\"twitter:label1\" content=\"Est. reading time\" \/>\n\t<meta name=\"twitter:data1\" content=\"1 minute\" \/>\n<script type=\"application\/ld+json\" class=\"yoast-schema-graph\">{\"@context\":\"https:\\\/\\\/schema.org\",\"@graph\":[{\"@type\":\"WebPage\",\"@id\":\"https:\\\/\\\/batterylight.es\\\/contactos\\\/\",\"url\":\"https:\\\/\\\/batterylight.es\\\/contactos\\\/\",\"name\":\"Contactos - Batterylight\",\"isPartOf\":{\"@id\":\"https:\\\/\\\/batterylight.es\\\/#website\"},\"datePublished\":\"2023-10-02T08:21:26+00:00\",\"dateModified\":\"2023-10-02T08:27:04+00:00\",\"breadcrumb\":{\"@id\":\"https:\\\/\\\/batterylight.es\\\/contactos\\\/#breadcrumb\"},\"inLanguage\":\"en-US\",\"potentialAction\":[{\"@type\":\"ReadAction\",\"target\":[\"https:\\\/\\\/batterylight.es\\\/contactos\\\/\"]}]},{\"@type\":\"BreadcrumbList\",\"@id\":\"https:\\\/\\\/batterylight.es\\\/contactos\\\/#breadcrumb\",\"itemListElement\":[{\"@type\":\"ListItem\",\"position\":1,\"name\":\"Portada\",\"item\":\"https:\\\/\\\/batterylight.es\\\/\"},{\"@type\":\"ListItem\",\"position\":2,\"name\":\"Contactos\"}]},{\"@type\":\"WebSite\",\"@id\":\"https:\\\/\\\/batterylight.es\\\/#website\",\"url\":\"https:\\\/\\\/batterylight.es\\\/\",\"name\":\"Batterylight\",\"description\":\"\",\"potentialAction\":[{\"@type\":\"SearchAction\",\"target\":{\"@type\":\"EntryPoint\",\"urlTemplate\":\"https:\\\/\\\/batterylight.es\\\/?s={search_term_string}\"},\"query-input\":{\"@type\":\"PropertyValueSpecification\",\"valueRequired\":true,\"valueName\":\"search_term_string\"}}],\"inLanguage\":\"en-US\"}]}<\/script>\n<!-- \/ Yoast SEO plugin. -->","yoast_head_json":{"title":"Contactos - Batterylight","robots":{"index":"index","follow":"follow","max-snippet":"max-snippet:-1","max-image-preview":"max-image-preview:large","max-video-preview":"max-video-preview:-1"},"canonical":"https:\/\/batterylight.es\/en\/contactos\/","og_locale":"en_US","og_type":"article","og_title":"Contactos - Batterylight","og_description":"En Batterylight entendemos que necesitamos unirnos a los mejores en su categor\u00eda como garant\u00eda de futuro. En nuestro \u00e1nimo est\u00e1 el poder contar contigo como colaborador en la tarea o \u00e1rea de especialidad donde te est\u00e9s desenvolviendo. Ya seas un agente comercial, un comercio de distribuci\u00f3n especialista o generalista, o bien un instalador o fabricante","og_url":"https:\/\/batterylight.es\/en\/contactos\/","og_site_name":"Batterylight","article_modified_time":"2023-10-02T08:27:04+00:00","twitter_card":"summary_large_image","twitter_misc":{"Est. reading time":"1 minute"},"schema":{"@context":"https:\/\/schema.org","@graph":[{"@type":"WebPage","@id":"https:\/\/batterylight.es\/contactos\/","url":"https:\/\/batterylight.es\/contactos\/","name":"Contactos - Batterylight","isPartOf":{"@id":"https:\/\/batterylight.es\/#website"},"datePublished":"2023-10-02T08:21:26+00:00","dateModified":"2023-10-02T08:27:04+00:00","breadcrumb":{"@id":"https:\/\/batterylight.es\/contactos\/#breadcrumb"},"inLanguage":"en-US","potentialAction":[{"@type":"ReadAction","target":["https:\/\/batterylight.es\/contactos\/"]}]},{"@type":"BreadcrumbList","@id":"https:\/\/batterylight.es\/contactos\/#breadcrumb","itemListElement":[{"@type":"ListItem","position":1,"name":"Portada","item":"https:\/\/batterylight.es\/"},{"@type":"ListItem","position":2,"name":"Contactos"}]},{"@type":"WebSite","@id":"https:\/\/batterylight.es\/#website","url":"https:\/\/batterylight.es\/","name":"Batterylight","description":"","potentialAction":[{"@type":"SearchAction","target":{"@type":"EntryPoint","urlTemplate":"https:\/\/batterylight.es\/?s={search_term_string}"},"query-input":{"@type":"PropertyValueSpecification","valueRequired":true,"valueName":"search_term_string"}}],"inLanguage":"en-US"}]}},"_links":{"self":[{"href":"https:\/\/batterylight.es\/en\/wp-json\/wp\/v2\/pages\/8938","targetHints":{"allow":["GET"]}}],"collection":[{"href":"https:\/\/batterylight.es\/en\/wp-json\/wp\/v2\/pages"}],"about":[{"href":"https:\/\/batterylight.es\/en\/wp-json\/wp\/v2\/types\/page"}],"author":[{"embeddable":true,"href":"https:\/\/batterylight.es\/en\/wp-json\/wp\/v2\/users\/1"}],"replies":[{"embeddable":true,"href":"https:\/\/batterylight.es\/en\/wp-json\/wp\/v2\/comments?post=8938"}],"version-history":[{"count":7,"href":"https:\/\/batterylight.es\/en\/wp-json\/wp\/v2\/pages\/8938\/revisions"}],"predecessor-version":[{"id":8945,"href":"https:\/\/batterylight.es\/en\/wp-json\/wp\/v2\/pages\/8938\/revisions\/8945"}],"wp:attachment":[{"href":"https:\/\/batterylight.es\/en\/wp-json\/wp\/v2\/media?parent=8938"}],"curies":[{"name":"wp","href":"https:\/\/api.w.org\/{rel}","templated":true}]}}