{"id":8950,"date":"2023-10-02T13:04:41","date_gmt":"2023-10-02T11:04:41","guid":{"rendered":"https:\/\/batterylight.es\/aviso-legal-copia\/"},"modified":"2023-10-02T15:12:32","modified_gmt":"2023-10-02T13:12:32","slug":"politica-de-privacidad","status":"publish","type":"page","link":"https:\/\/batterylight.es\/en\/politica-de-privacidad\/","title":{"rendered":"politica-de-privacidad"},"content":{"rendered":"<div data-elementor-type=\"wp-page\" data-elementor-id=\"8950\" class=\"elementor elementor-8950\">\n\t\t\t\t\t\t<section class=\"elementor-section elementor-top-section elementor-element elementor-element-31797d8 elementor-section-boxed elementor-section-height-default elementor-section-height-default\" data-id=\"31797d8\" data-element_type=\"section\" data-e-type=\"section\">\n\t\t\t\t\t\t<div class=\"elementor-container elementor-column-gap-default\">\n\t\t\t\t\t<div class=\"elementor-column elementor-col-100 elementor-top-column elementor-element elementor-element-321fd46\" data-id=\"321fd46\" data-element_type=\"column\" data-e-type=\"column\">\n\t\t\t<div class=\"elementor-widget-wrap\">\n\t\t\t\t\t\t\t<\/div>\n\t\t<\/div>\n\t\t\t\t\t<\/div>\n\t\t<\/section>\n\t\t\t\t<section class=\"elementor-section elementor-top-section elementor-element elementor-element-8c3c253 elementor-section-boxed elementor-section-height-default elementor-section-height-default\" data-id=\"8c3c253\" data-element_type=\"section\" data-e-type=\"section\">\n\t\t\t\t\t\t<div class=\"elementor-container elementor-column-gap-default\">\n\t\t\t\t\t<div class=\"elementor-column elementor-col-100 elementor-top-column elementor-element elementor-element-dad9e4f\" data-id=\"dad9e4f\" data-element_type=\"column\" data-e-type=\"column\">\n\t\t\t<div class=\"elementor-widget-wrap elementor-element-populated\">\n\t\t\t\t\t\t<div class=\"elementor-element elementor-element-9d12391 elementor-widget elementor-widget-spacer\" data-id=\"9d12391\" data-element_type=\"widget\" data-e-type=\"widget\" data-widget_type=\"spacer.default\">\n\t\t\t\t<div class=\"elementor-widget-container\">\n\t\t\t\t\t\t\t<div class=\"elementor-spacer\">\n\t\t\t<div class=\"elementor-spacer-inner\"><\/div>\n\t\t<\/div>\n\t\t\t\t\t\t<\/div>\n\t\t\t\t<\/div>\n\t\t\t\t\t<\/div>\n\t\t<\/div>\n\t\t\t\t\t<\/div>\n\t\t<\/section>\n\t\t\t\t<section class=\"elementor-section elementor-top-section elementor-element elementor-element-3213dde8 elementor-section-boxed elementor-section-height-default elementor-section-height-default\" data-id=\"3213dde8\" data-element_type=\"section\" data-e-type=\"section\">\n\t\t\t\t\t\t<div class=\"elementor-container elementor-column-gap-default\">\n\t\t\t\t\t<div class=\"elementor-column elementor-col-100 elementor-top-column elementor-element elementor-element-7c3ca582\" data-id=\"7c3ca582\" data-element_type=\"column\" data-e-type=\"column\">\n\t\t\t<div class=\"elementor-widget-wrap elementor-element-populated\">\n\t\t\t\t\t\t<div class=\"elementor-element elementor-element-4a5fa916 elementor-widget elementor-widget-text-editor\" data-id=\"4a5fa916\" data-element_type=\"widget\" data-e-type=\"widget\" data-widget_type=\"text-editor.default\">\n\t\t\t\t<div class=\"elementor-widget-container\">\n\t\t\t\t\t\t\t\t\t<p><\/p>\n<h3 class=\"wp-block-heading\">PRIVACY POLICY<\/h3>\n<p>This Privacy Policy establishes the terms in which IBERVOIP SERVICES S.L. uses and protects the information that is provided by its users when using its website. This company is committed to the security of its users' data. When we ask you to fill out personal information fields with which you can be identified, we do so ensuring that it will only be used in accordance with the terms of this document. However, this Privacy Policy may change over time or be updated, so we recommend and emphasize that you continually review this page to ensure that you agree with such changes.<\/p>\n<h4>User rights<\/h4>\n<p>We inform you that you can exercise your rights of access, rectification, cancellation and opposition in accordance with the Regulation 2016\/679 of April 27 on the Protection of Personal Data by sending an email to lopd@batterylight.es, or a letter together with a photocopy of your ID, to the following address: C\/Marques de Larios, 5, 2nd floor. 29015 - Malaga.<\/p>\n<h4>Information that is collected<\/h4>\n<p>Our website may collect personal information such as: Name, contact information such as your email address and demographic information. Likewise, when necessary, specific information may be required to process an order or make a delivery or billing.<\/p>\n<h4>Use of collected information<\/h4>\n<p>Our website uses the information in order to provide the best possible service, particularly to maintain a record of users, orders if applicable, and improve our products and services. Emails may be sent periodically through our site with special offers, new products and other advertising information that we consider relevant to you or that may provide you with some benefit, these emails will be sent to the address you provide and may be cancelled at any time.<\/p>\n<p><span style=\"color: #000000;\"><strong>IBERVOIP SERVICES S.L. , S.L.<\/strong><\/span>\u00a0is highly committed to fulfilling the commitment of keeping your information secure. We use the most advanced systems and constantly update them to ensure that there is no unauthorized access.<\/p>\n<p><\/p>\n\t\t\t\t\t\t\t\t<\/div>\n\t\t\t\t<\/div>\n\t\t\t\t<div class=\"elementor-element elementor-element-2f20f4a elementor-widget elementor-widget-html\" data-id=\"2f20f4a\" data-element_type=\"widget\" data-e-type=\"widget\" data-widget_type=\"html.default\">\n\t\t\t\t<div class=\"elementor-widget-container\">\n\t\t\t\t\t<style>\n    #masthead{\n        position: relative !important;\n        background-color: rgba(0,3,45,.9);\n    }\n<\/style>\t\t\t\t<\/div>\n\t\t\t\t<\/div>\n\t\t\t\t\t<\/div>\n\t\t<\/div>\n\t\t\t\t\t<\/div>\n\t\t<\/section>\n\t\t\t\t<\/div>","protected":false},"excerpt":{"rendered":"<p>POL\u00cdTICA DE PRIVACIDAD La presente Pol\u00edtica de Privacidad establece los t\u00e9rminos en que\u00a0IBERVOIP SERVICES S.L. , S.L.\u00a0usa y protege la informaci\u00f3n que es proporcionada por sus usuarios al momento de utilizar su sitio web. Esta compa\u00f1\u00eda est\u00e1 comprometida con la seguridad de los datos de sus usuarios. Cuando le pedimos llenar los campos de informaci\u00f3n<\/p>","protected":false},"author":1,"featured_media":0,"parent":0,"menu_order":0,"comment_status":"closed","ping_status":"open","template":"","meta":{"footnotes":""},"class_list":["post-8950","page","type-page","status-publish","hentry"],"yoast_head":"<!-- This site is optimized with the Yoast SEO plugin v27.4 - https:\/\/yoast.com\/product\/yoast-seo-wordpress\/ -->\n<title>politica-de-privacidad - Batterylight<\/title>\n<meta name=\"robots\" content=\"index, follow, max-snippet:-1, max-image-preview:large, max-video-preview:-1\" \/>\n<link rel=\"canonical\" href=\"https:\/\/batterylight.es\/en\/politica-de-privacidad\/\" \/>\n<meta property=\"og:locale\" content=\"en_US\" \/>\n<meta property=\"og:type\" content=\"article\" \/>\n<meta property=\"og:title\" content=\"politica-de-privacidad - Batterylight\" \/>\n<meta property=\"og:description\" content=\"POL\u00cdTICA DE PRIVACIDAD La presente Pol\u00edtica de Privacidad establece los t\u00e9rminos en que\u00a0IBERVOIP SERVICES S.L. , S.L.\u00a0usa y protege la informaci\u00f3n que es proporcionada por sus usuarios al momento de utilizar su sitio web. Esta compa\u00f1\u00eda est\u00e1 comprometida con la seguridad de los datos de sus usuarios. Cuando le pedimos llenar los campos de informaci\u00f3n\" \/>\n<meta property=\"og:url\" content=\"https:\/\/batterylight.es\/en\/politica-de-privacidad\/\" \/>\n<meta property=\"og:site_name\" content=\"Batterylight\" \/>\n<meta property=\"article:modified_time\" content=\"2023-10-02T13:12:32+00:00\" \/>\n<meta name=\"twitter:card\" content=\"summary_large_image\" \/>\n<meta name=\"twitter:label1\" content=\"Est. reading time\" \/>\n\t<meta name=\"twitter:data1\" content=\"2 minutes\" \/>\n<script type=\"application\/ld+json\" class=\"yoast-schema-graph\">{\"@context\":\"https:\\\/\\\/schema.org\",\"@graph\":[{\"@type\":\"WebPage\",\"@id\":\"https:\\\/\\\/batterylight.es\\\/politica-de-privacidad\\\/\",\"url\":\"https:\\\/\\\/batterylight.es\\\/politica-de-privacidad\\\/\",\"name\":\"politica-de-privacidad - Batterylight\",\"isPartOf\":{\"@id\":\"https:\\\/\\\/batterylight.es\\\/#website\"},\"datePublished\":\"2023-10-02T11:04:41+00:00\",\"dateModified\":\"2023-10-02T13:12:32+00:00\",\"breadcrumb\":{\"@id\":\"https:\\\/\\\/batterylight.es\\\/politica-de-privacidad\\\/#breadcrumb\"},\"inLanguage\":\"en-US\",\"potentialAction\":[{\"@type\":\"ReadAction\",\"target\":[\"https:\\\/\\\/batterylight.es\\\/politica-de-privacidad\\\/\"]}]},{\"@type\":\"BreadcrumbList\",\"@id\":\"https:\\\/\\\/batterylight.es\\\/politica-de-privacidad\\\/#breadcrumb\",\"itemListElement\":[{\"@type\":\"ListItem\",\"position\":1,\"name\":\"Portada\",\"item\":\"https:\\\/\\\/batterylight.es\\\/\"},{\"@type\":\"ListItem\",\"position\":2,\"name\":\"politica-de-privacidad\"}]},{\"@type\":\"WebSite\",\"@id\":\"https:\\\/\\\/batterylight.es\\\/#website\",\"url\":\"https:\\\/\\\/batterylight.es\\\/\",\"name\":\"Batterylight\",\"description\":\"\",\"potentialAction\":[{\"@type\":\"SearchAction\",\"target\":{\"@type\":\"EntryPoint\",\"urlTemplate\":\"https:\\\/\\\/batterylight.es\\\/?s={search_term_string}\"},\"query-input\":{\"@type\":\"PropertyValueSpecification\",\"valueRequired\":true,\"valueName\":\"search_term_string\"}}],\"inLanguage\":\"en-US\"}]}<\/script>\n<!-- \/ Yoast SEO plugin. -->","yoast_head_json":{"title":"politica-de-privacidad - Batterylight","robots":{"index":"index","follow":"follow","max-snippet":"max-snippet:-1","max-image-preview":"max-image-preview:large","max-video-preview":"max-video-preview:-1"},"canonical":"https:\/\/batterylight.es\/en\/politica-de-privacidad\/","og_locale":"en_US","og_type":"article","og_title":"politica-de-privacidad - Batterylight","og_description":"POL\u00cdTICA DE PRIVACIDAD La presente Pol\u00edtica de Privacidad establece los t\u00e9rminos en que\u00a0IBERVOIP SERVICES S.L. , S.L.\u00a0usa y protege la informaci\u00f3n que es proporcionada por sus usuarios al momento de utilizar su sitio web. Esta compa\u00f1\u00eda est\u00e1 comprometida con la seguridad de los datos de sus usuarios. Cuando le pedimos llenar los campos de informaci\u00f3n","og_url":"https:\/\/batterylight.es\/en\/politica-de-privacidad\/","og_site_name":"Batterylight","article_modified_time":"2023-10-02T13:12:32+00:00","twitter_card":"summary_large_image","twitter_misc":{"Est. reading time":"2 minutes"},"schema":{"@context":"https:\/\/schema.org","@graph":[{"@type":"WebPage","@id":"https:\/\/batterylight.es\/politica-de-privacidad\/","url":"https:\/\/batterylight.es\/politica-de-privacidad\/","name":"politica-de-privacidad - Batterylight","isPartOf":{"@id":"https:\/\/batterylight.es\/#website"},"datePublished":"2023-10-02T11:04:41+00:00","dateModified":"2023-10-02T13:12:32+00:00","breadcrumb":{"@id":"https:\/\/batterylight.es\/politica-de-privacidad\/#breadcrumb"},"inLanguage":"en-US","potentialAction":[{"@type":"ReadAction","target":["https:\/\/batterylight.es\/politica-de-privacidad\/"]}]},{"@type":"BreadcrumbList","@id":"https:\/\/batterylight.es\/politica-de-privacidad\/#breadcrumb","itemListElement":[{"@type":"ListItem","position":1,"name":"Portada","item":"https:\/\/batterylight.es\/"},{"@type":"ListItem","position":2,"name":"politica-de-privacidad"}]},{"@type":"WebSite","@id":"https:\/\/batterylight.es\/#website","url":"https:\/\/batterylight.es\/","name":"Batterylight","description":"","potentialAction":[{"@type":"SearchAction","target":{"@type":"EntryPoint","urlTemplate":"https:\/\/batterylight.es\/?s={search_term_string}"},"query-input":{"@type":"PropertyValueSpecification","valueRequired":true,"valueName":"search_term_string"}}],"inLanguage":"en-US"}]}},"_links":{"self":[{"href":"https:\/\/batterylight.es\/en\/wp-json\/wp\/v2\/pages\/8950","targetHints":{"allow":["GET"]}}],"collection":[{"href":"https:\/\/batterylight.es\/en\/wp-json\/wp\/v2\/pages"}],"about":[{"href":"https:\/\/batterylight.es\/en\/wp-json\/wp\/v2\/types\/page"}],"author":[{"embeddable":true,"href":"https:\/\/batterylight.es\/en\/wp-json\/wp\/v2\/users\/1"}],"replies":[{"embeddable":true,"href":"https:\/\/batterylight.es\/en\/wp-json\/wp\/v2\/comments?post=8950"}],"version-history":[{"count":7,"href":"https:\/\/batterylight.es\/en\/wp-json\/wp\/v2\/pages\/8950\/revisions"}],"predecessor-version":[{"id":8982,"href":"https:\/\/batterylight.es\/en\/wp-json\/wp\/v2\/pages\/8950\/revisions\/8982"}],"wp:attachment":[{"href":"https:\/\/batterylight.es\/en\/wp-json\/wp\/v2\/media?parent=8950"}],"curies":[{"name":"wp","href":"https:\/\/api.w.org\/{rel}","templated":true}]}}